{"id":25,"date":"2020-12-08T03:54:06","date_gmt":"2020-12-08T03:54:06","guid":{"rendered":"https:\/\/gaviaspreview.com\/wp\/conult\/?page_id=25"},"modified":"2025-04-29T05:46:22","modified_gmt":"2025-04-29T05:46:22","slug":"news","status":"publish","type":"page","link":"https:\/\/truglobia.com\/es\/news\/","title":{"rendered":"Noticias"},"content":{"rendered":"\t\t<div data-elementor-type=\"wp-page\" data-elementor-id=\"25\" class=\"elementor elementor-25\">\n\t\t\t\t\t\t<section class=\"elementor-section elementor-top-section elementor-element elementor-element-59f29e4 elementor-section-full_width elementor-section-height-default elementor-section-height-default\" data-id=\"59f29e4\" data-element_type=\"section\" data-e-type=\"section\">\n\t\t\t\t\t\t<div class=\"elementor-container elementor-column-gap-default\">\n\t\t\t\t\t<div class=\"elementor-column elementor-col-100 elementor-top-column elementor-element elementor-element-6754167\" data-id=\"6754167\" data-element_type=\"column\" data-e-type=\"column\">\n\t\t\t<div class=\"elementor-widget-wrap elementor-element-populated\">\n\t\t\t\t\t\t<div class=\"elementor-element elementor-element-458306b elementor-widget elementor-widget-gva_post_breadcrumb\" data-id=\"458306b\" data-element_type=\"widget\" data-e-type=\"widget\" data-widget_type=\"gva_post_breadcrumb.default\">\n\t\t\t\t<div class=\"elementor-widget-container\">\n\t\t\t\t\t<div class=\"gva-element-gva_post_breadcrumb gva-element\">   \r\n<div class=\"post-breadcrumb\">\r\n   <div class=\"custom-breadcrumb \" >\r\n            <div class=\"breadcrumb-main\">\r\n        <div class=\"container\">\r\n          <div class=\"breadcrumb-container-inner\">\r\n            <h2 class=\"heading-title\">Noticias<\/h2><ol class=\"breadcrumb\"><li><a href=\"https:\/\/truglobia.com\/es\">Home<\/a> <\/li> <li class=\"active\">Page<\/li><\/ol>          <\/div>  \r\n        <\/div>   \r\n      <\/div>  \r\n   <\/div>\r\n<\/div>      \r\n\r\n<\/div>\t\t\t\t<\/div>\n\t\t\t\t<\/div>\n\t\t\t\t\t<\/div>\n\t\t<\/div>\n\t\t\t\t\t<\/div>\n\t\t<\/section>\n\t\t\t\t<section class=\"elementor-section elementor-top-section elementor-element elementor-element-1fbe8dbc elementor-section-boxed elementor-section-height-default elementor-section-height-default\" data-id=\"1fbe8dbc\" data-element_type=\"section\" data-e-type=\"section\">\n\t\t\t\t\t\t<div class=\"elementor-container elementor-column-gap-default\">\n\t\t\t\t\t<div class=\"elementor-column elementor-col-100 elementor-top-column elementor-element elementor-element-505d4390\" data-id=\"505d4390\" data-element_type=\"column\" data-e-type=\"column\">\n\t\t\t<div class=\"elementor-widget-wrap elementor-element-populated\">\n\t\t\t\t\t\t<div class=\"elementor-element elementor-element-962a554 elementor-widget elementor-widget-gva-posts\" data-id=\"962a554\" data-element_type=\"widget\" data-e-type=\"widget\" data-widget_type=\"gva-posts.default\">\n\t\t\t\t<div class=\"elementor-widget-container\">\n\t\t\t\t\t<div class=\"gva-element-gva-posts gva-element\">  \r\n  <div class=\"gva-posts-grid clearfix gva-posts\">\r\n\t\t<div class=\"gva-content-items\"> \r\n\t\t  <div class=\"lg-block-grid-3 md-block-grid-3 sm-block-grid-2 xs-block-grid-2 xx-block-grid-1\">\r\n\t\t\t <div class=\"item-columns\">\r\n   <article id=\"post-2298\" class=\"post post-style-1 post-2298 type-post status-publish format-standard has-post-thumbnail hentry category-casos-de-exito\">\r\n      \r\n               <div class=\"post-thumbnail\">\r\n            <a href=\"https:\/\/truglobia.com\/es\/2025\/08\/02\/mi-camino-hacia-la-ciudadania-americana\/\">\r\n               <img loading=\"lazy\" decoding=\"async\" loading=\"lazy\" width=\"560\" height=\"420\" src=\"https:\/\/truglobia.com\/es\/wp-content\/uploads\/2025\/08\/20250805-US-Citizenship-02-560x420.jpg\" class=\"attachment-post-thumbnail size-post-thumbnail wp-post-image\" alt=\"Mi Camino hacia la Ciudadan\u00eda Americana\" \/>            <\/a>\r\n                           <div class=\"entry-date\">\r\n                  <span class=\"date\">02<\/span>\r\n                  <span class=\"month\">Aug<\/span>\r\n               <\/div>\r\n                     <\/div>   \r\n         \r\n\r\n      <div class=\"entry-content has-thumbnail\">\r\n         <div class=\"content-inner\">\r\n            <div class=\"entry-meta\">\r\n               <div class=\"clearfix meta-inline post-meta-1\"><span class=\"author vcard\"><i class=\"far fa-user-circle\"><\/i>Truglobia<\/span><\/div>            <\/div> \r\n            <h3 class=\"entry-title\"><a href=\"https:\/\/truglobia.com\/es\/2025\/08\/02\/mi-camino-hacia-la-ciudadania-americana\/\" rel=\"bookmark\">Mi Camino hacia la Ciudadan\u00eda Americana<\/a><\/h3>\r\n                           <div class=\"entry-desc\">\r\n                  Llegu\u00e9 a los Estados Unidos a los 20 a\u00f1os, sin documentos, pero con una esperanza               <\/div>   \r\n                        <div class=\"read-more\">\r\n               <a class=\"btn-inline btn-read-more\" href=\"https:\/\/truglobia.com\/es\/2025\/08\/02\/mi-camino-hacia-la-ciudadania-americana\/\">Read more<i class=\"las la-arrow-right\"><\/i><\/a>\r\n            <\/div>\r\n         <\/div>\r\n\r\n      <\/div>\r\n   <\/article>   \r\n\r\n  <\/div><div class=\"item-columns\">\r\n   <article id=\"post-2293\" class=\"post post-style-1 post-2293 type-post status-publish format-standard has-post-thumbnail hentry category-naturalization\">\r\n      \r\n               <div class=\"post-thumbnail\">\r\n            <a href=\"https:\/\/truglobia.com\/es\/2025\/08\/01\/la-orden-de-un-juez-federal-continua-bloqueando-el-plan-para-poner-fin-a-la-ciudadania-por-nacimiento\/\">\r\n               <img loading=\"lazy\" decoding=\"async\" loading=\"lazy\" width=\"560\" height=\"420\" src=\"https:\/\/truglobia.com\/es\/wp-content\/uploads\/2025\/07\/20250723-07-Nacimiento-560x420.webp\" class=\"attachment-post-thumbnail size-post-thumbnail wp-post-image\" alt=\"La Orden de un Juez Federal Contin\u00faa Bloqueando el Plan para Poner Fin a la Ciudadan\u00eda por Nacimiento\" \/>            <\/a>\r\n                           <div class=\"entry-date\">\r\n                  <span class=\"date\">01<\/span>\r\n                  <span class=\"month\">Aug<\/span>\r\n               <\/div>\r\n                     <\/div>   \r\n         \r\n\r\n      <div class=\"entry-content has-thumbnail\">\r\n         <div class=\"content-inner\">\r\n            <div class=\"entry-meta\">\r\n               <div class=\"clearfix meta-inline post-meta-1\"><span class=\"author vcard\"><i class=\"far fa-user-circle\"><\/i>Truglobia<\/span><\/div>            <\/div> \r\n            <h3 class=\"entry-title\"><a href=\"https:\/\/truglobia.com\/es\/2025\/08\/01\/la-orden-de-un-juez-federal-continua-bloqueando-el-plan-para-poner-fin-a-la-ciudadania-por-nacimiento\/\" rel=\"bookmark\">La Orden de un Juez Federal Contin\u00faa Bloqueando el Plan para Poner Fin a la Ciudadan\u00eda por Nacimiento<\/a><\/h3>\r\n                           <div class=\"entry-desc\">\r\n                  Un desaf\u00edo legal a una controvertida propuesta de pol\u00edtica sobre la ciudadan\u00eda por nacimiento sigue               <\/div>   \r\n                        <div class=\"read-more\">\r\n               <a class=\"btn-inline btn-read-more\" href=\"https:\/\/truglobia.com\/es\/2025\/08\/01\/la-orden-de-un-juez-federal-continua-bloqueando-el-plan-para-poner-fin-a-la-ciudadania-por-nacimiento\/\">Read more<i class=\"las la-arrow-right\"><\/i><\/a>\r\n            <\/div>\r\n         <\/div>\r\n\r\n      <\/div>\r\n   <\/article>   \r\n\r\n  <\/div><div class=\"item-columns\">\r\n   <article id=\"post-2289\" class=\"post post-style-1 post-2289 type-post status-publish format-standard has-post-thumbnail hentry category-inmigracion category-visa\">\r\n      \r\n               <div class=\"post-thumbnail\">\r\n            <a href=\"https:\/\/truglobia.com\/es\/2025\/07\/31\/recordatorio-para-los-titulares-de-la-tarjeta-verde-lleven-prueba-de-estatus-en-todo-momento\/\">\r\n               <img loading=\"lazy\" decoding=\"async\" loading=\"lazy\" width=\"560\" height=\"420\" src=\"https:\/\/truglobia.com\/es\/wp-content\/uploads\/2025\/07\/20250723-06-GreenCard-560x420.webp\" class=\"attachment-post-thumbnail size-post-thumbnail wp-post-image\" alt=\"Recordatorio para los Titulares de la Tarjeta Verde: Lleven Prueba de Estatus en Todo Momento\" \/>            <\/a>\r\n                           <div class=\"entry-date\">\r\n                  <span class=\"date\">31<\/span>\r\n                  <span class=\"month\">Jul<\/span>\r\n               <\/div>\r\n                     <\/div>   \r\n         \r\n\r\n      <div class=\"entry-content has-thumbnail\">\r\n         <div class=\"content-inner\">\r\n            <div class=\"entry-meta\">\r\n               <div class=\"clearfix meta-inline post-meta-1\"><span class=\"author vcard\"><i class=\"far fa-user-circle\"><\/i>Truglobia<\/span><\/div>            <\/div> \r\n            <h3 class=\"entry-title\"><a href=\"https:\/\/truglobia.com\/es\/2025\/07\/31\/recordatorio-para-los-titulares-de-la-tarjeta-verde-lleven-prueba-de-estatus-en-todo-momento\/\" rel=\"bookmark\">Recordatorio para los Titulares de la Tarjeta Verde: Lleven Prueba de Estatus en Todo Momento<\/a><\/h3>\r\n                           <div class=\"entry-desc\">\r\n                  La Oficina de Aduanas y Protecci\u00f3n Fronteriza de EE. UU. (CBP, por sus siglas en               <\/div>   \r\n                        <div class=\"read-more\">\r\n               <a class=\"btn-inline btn-read-more\" href=\"https:\/\/truglobia.com\/es\/2025\/07\/31\/recordatorio-para-los-titulares-de-la-tarjeta-verde-lleven-prueba-de-estatus-en-todo-momento\/\">Read more<i class=\"las la-arrow-right\"><\/i><\/a>\r\n            <\/div>\r\n         <\/div>\r\n\r\n      <\/div>\r\n   <\/article>   \r\n\r\n  <\/div><div class=\"item-columns\">\r\n   <article id=\"post-2285\" class=\"post post-style-1 post-2285 type-post status-publish format-standard has-post-thumbnail hentry category-inmigracion category-visa\">\r\n      \r\n               <div class=\"post-thumbnail\">\r\n            <a href=\"https:\/\/truglobia.com\/es\/2025\/07\/30\/dhs-defiende-los-arrestos-de-ice-en-las-audiencias-de-la-corte-de-inmigracion-en-medio-de-un-desafio-legal\/\">\r\n               <img loading=\"lazy\" decoding=\"async\" loading=\"lazy\" width=\"560\" height=\"420\" src=\"https:\/\/truglobia.com\/es\/wp-content\/uploads\/2025\/07\/20250723-05-DHS-560x420.webp\" class=\"attachment-post-thumbnail size-post-thumbnail wp-post-image\" alt=\"DHS Defiende los Arrestos de ICE en las Audiencias de la Corte de Inmigraci\u00f3n en Medio de un Desaf\u00edo Legal\" \/>            <\/a>\r\n                           <div class=\"entry-date\">\r\n                  <span class=\"date\">30<\/span>\r\n                  <span class=\"month\">Jul<\/span>\r\n               <\/div>\r\n                     <\/div>   \r\n         \r\n\r\n      <div class=\"entry-content has-thumbnail\">\r\n         <div class=\"content-inner\">\r\n            <div class=\"entry-meta\">\r\n               <div class=\"clearfix meta-inline post-meta-1\"><span class=\"author vcard\"><i class=\"far fa-user-circle\"><\/i>Truglobia<\/span><\/div>            <\/div> \r\n            <h3 class=\"entry-title\"><a href=\"https:\/\/truglobia.com\/es\/2025\/07\/30\/dhs-defiende-los-arrestos-de-ice-en-las-audiencias-de-la-corte-de-inmigracion-en-medio-de-un-desafio-legal\/\" rel=\"bookmark\">DHS Defiende los Arrestos de ICE en las Audiencias de la Corte de Inmigraci\u00f3n en Medio de un Desaf\u00edo Legal<\/a><\/h3>\r\n                           <div class=\"entry-desc\">\r\n                  El Departamento de Seguridad Nacional (DHS, por sus siglas en ingl\u00e9s) est\u00e1 defendiendo actualmente su               <\/div>   \r\n                        <div class=\"read-more\">\r\n               <a class=\"btn-inline btn-read-more\" href=\"https:\/\/truglobia.com\/es\/2025\/07\/30\/dhs-defiende-los-arrestos-de-ice-en-las-audiencias-de-la-corte-de-inmigracion-en-medio-de-un-desafio-legal\/\">Read more<i class=\"las la-arrow-right\"><\/i><\/a>\r\n            <\/div>\r\n         <\/div>\r\n\r\n      <\/div>\r\n   <\/article>   \r\n\r\n  <\/div><div class=\"item-columns\">\r\n   <article id=\"post-2281\" class=\"post post-style-1 post-2281 type-post status-publish format-standard has-post-thumbnail hentry category-inmigracion\">\r\n      \r\n               <div class=\"post-thumbnail\">\r\n            <a href=\"https:\/\/truglobia.com\/es\/2025\/07\/29\/el-acceso-de-ice-a-los-datos-de-medicaid-desata-preocupaciones-sobre-la-privacidad-y-debate\/\">\r\n               <img loading=\"lazy\" decoding=\"async\" loading=\"lazy\" width=\"560\" height=\"420\" src=\"https:\/\/truglobia.com\/es\/wp-content\/uploads\/2025\/07\/20250723-04-ICE-560x420.webp\" class=\"attachment-post-thumbnail size-post-thumbnail wp-post-image\" alt=\"El Acceso de ICE a los Datos de Medicaid Desata Preocupaciones sobre la Privacidad y Debate\" \/>            <\/a>\r\n                           <div class=\"entry-date\">\r\n                  <span class=\"date\">29<\/span>\r\n                  <span class=\"month\">Jul<\/span>\r\n               <\/div>\r\n                     <\/div>   \r\n         \r\n\r\n      <div class=\"entry-content has-thumbnail\">\r\n         <div class=\"content-inner\">\r\n            <div class=\"entry-meta\">\r\n               <div class=\"clearfix meta-inline post-meta-1\"><span class=\"author vcard\"><i class=\"far fa-user-circle\"><\/i>Truglobia<\/span><\/div>            <\/div> \r\n            <h3 class=\"entry-title\"><a href=\"https:\/\/truglobia.com\/es\/2025\/07\/29\/el-acceso-de-ice-a-los-datos-de-medicaid-desata-preocupaciones-sobre-la-privacidad-y-debate\/\" rel=\"bookmark\">El Acceso de ICE a los Datos de Medicaid Desata Preocupaciones sobre la Privacidad y Debate<\/a><\/h3>\r\n                           <div class=\"entry-desc\">\r\n                  Una medida controvertida de la administraci\u00f3n anterior ha otorgado al Servicio de Inmigraci\u00f3n y Control               <\/div>   \r\n                        <div class=\"read-more\">\r\n               <a class=\"btn-inline btn-read-more\" href=\"https:\/\/truglobia.com\/es\/2025\/07\/29\/el-acceso-de-ice-a-los-datos-de-medicaid-desata-preocupaciones-sobre-la-privacidad-y-debate\/\">Read more<i class=\"las la-arrow-right\"><\/i><\/a>\r\n            <\/div>\r\n         <\/div>\r\n\r\n      <\/div>\r\n   <\/article>   \r\n\r\n  <\/div><div class=\"item-columns\">\r\n   <article id=\"post-2277\" class=\"post post-style-1 post-2277 type-post status-publish format-standard has-post-thumbnail hentry category-inmigracion category-visa category-work\">\r\n      \r\n               <div class=\"post-thumbnail\">\r\n            <a href=\"https:\/\/truglobia.com\/es\/2025\/07\/28\/hhs-amplia-la-definicion-de-beneficios-publicos-federales-restringiendo-el-acceso-de-los-inmigrantes\/\">\r\n               <img loading=\"lazy\" decoding=\"async\" loading=\"lazy\" width=\"560\" height=\"420\" src=\"https:\/\/truglobia.com\/es\/wp-content\/uploads\/2025\/07\/20250723-03-HHS-560x420.webp\" class=\"attachment-post-thumbnail size-post-thumbnail wp-post-image\" alt=\"HHS Ampl\u00eda la Definici\u00f3n de &#8220;Beneficios P\u00fablicos Federales&#8221;, Restringiendo el Acceso de los Inmigrantes\" \/>            <\/a>\r\n                           <div class=\"entry-date\">\r\n                  <span class=\"date\">28<\/span>\r\n                  <span class=\"month\">Jul<\/span>\r\n               <\/div>\r\n                     <\/div>   \r\n         \r\n\r\n      <div class=\"entry-content has-thumbnail\">\r\n         <div class=\"content-inner\">\r\n            <div class=\"entry-meta\">\r\n               <div class=\"clearfix meta-inline post-meta-1\"><span class=\"author vcard\"><i class=\"far fa-user-circle\"><\/i>Truglobia<\/span><\/div>            <\/div> \r\n            <h3 class=\"entry-title\"><a href=\"https:\/\/truglobia.com\/es\/2025\/07\/28\/hhs-amplia-la-definicion-de-beneficios-publicos-federales-restringiendo-el-acceso-de-los-inmigrantes\/\" rel=\"bookmark\">HHS Ampl\u00eda la Definici\u00f3n de &#8220;Beneficios P\u00fablicos Federales&#8221;, Restringiendo el Acceso de los Inmigrantes<\/a><\/h3>\r\n                           <div class=\"entry-desc\">\r\n                  Un cambio de pol\u00edtica reciente del Departamento de Salud y Servicios Humanos (HHS) ha ampliado               <\/div>   \r\n                        <div class=\"read-more\">\r\n               <a class=\"btn-inline btn-read-more\" href=\"https:\/\/truglobia.com\/es\/2025\/07\/28\/hhs-amplia-la-definicion-de-beneficios-publicos-federales-restringiendo-el-acceso-de-los-inmigrantes\/\">Read more<i class=\"las la-arrow-right\"><\/i><\/a>\r\n            <\/div>\r\n         <\/div>\r\n\r\n      <\/div>\r\n   <\/article>   \r\n\r\n  <\/div>\t\t  <\/div>\r\n\t\t<\/div>\r\n\t\t\t\t\t <div class=\"pagination\">\r\n\t\t\t\t  <div class=\"column one pager_wrapper\"><div class=\"pager\"><div class=\"paginations\"><a href=\"https:\/\/truglobia.com\/es\/wp-json\/wp\/v2\/pages\/25\/\" class=\"page-item active\">1<\/a><a href=\"https:\/\/truglobia.com\/es\/wp-json\/wp\/v2\/pages\/25\/page\/2\/\" class=\"page-item\">2<\/a><a href=\"https:\/\/truglobia.com\/es\/wp-json\/wp\/v2\/pages\/25\/page\/3\/\" class=\"page-item\">3<\/a><a class=\"next_page\" href=\"https:\/\/truglobia.com\/es\/wp-json\/wp\/v2\/pages\/25\/page\/2\/\"><i class=\"fas fa-chevron-right\"><\/i><\/a><\/div><\/div><\/div>\n\t\t\t <\/div>\r\n\t\t  <\/div>\r\n  <\/div>\t\t\t\t<\/div>\n\t\t\t\t<\/div>\n\t\t\t\t\t<\/div>\n\t\t<\/div>\n\t\t\t\t\t<\/div>\n\t\t<\/section>\n\t\t\t\t<section class=\"elementor-section elementor-top-section elementor-element elementor-element-d47b474 elementor-section-boxed elementor-section-height-default elementor-section-height-default\" data-id=\"d47b474\" data-element_type=\"section\" data-e-type=\"section\" data-settings=\"{&quot;background_background&quot;:&quot;classic&quot;}\">\n\t\t\t\t\t\t\t<div class=\"elementor-background-overlay\"><\/div>\n\t\t\t\t\t\t\t<div class=\"elementor-container elementor-column-gap-default\">\n\t\t\t\t\t<div class=\"elementor-column elementor-col-50 elementor-top-column elementor-element elementor-element-1fbd2eb\" data-id=\"1fbd2eb\" data-element_type=\"column\" data-e-type=\"column\">\n\t\t\t<div class=\"elementor-widget-wrap elementor-element-populated\">\n\t\t\t\t\t\t<div class=\"elementor-element elementor-element-e32966c elementor-widget elementor-widget-gva-heading-block\" data-id=\"e32966c\" data-element_type=\"widget\" data-e-type=\"widget\" data-widget_type=\"gva-heading-block.default\">\n\t\t\t\t<div class=\"elementor-widget-container\">\n\t\t\t\t\t<div class=\"gva-element-gva-heading-block gva-element\">   <div class=\"align-left style-1 widget gsc-heading box-align-left auto-responsive\">\r\n      <div class=\"content-inner\">\r\n         \r\n         \r\n         \r\n           \r\n         \r\n                     <h2 class=\"title\">\r\n               <span>We\u2019re Delivering the Best\nConsulting & Finance Services<\/span>\r\n            <\/h2>\r\n                  \r\n         \r\n      <\/div>\r\n   <\/div>\r\n<\/div>\t\t\t\t<\/div>\n\t\t\t\t<\/div>\n\t\t\t\t\t<\/div>\n\t\t<\/div>\n\t\t\t\t<div class=\"elementor-column elementor-col-50 elementor-top-column elementor-element elementor-element-25adf6d\" data-id=\"25adf6d\" data-element_type=\"column\" data-e-type=\"column\">\n\t\t\t<div class=\"elementor-widget-wrap elementor-element-populated\">\n\t\t\t\t\t\t<div class=\"elementor-element elementor-element-23b711c elementor-widget__width-auto elementor-widget elementor-widget-html\" data-id=\"23b711c\" data-element_type=\"widget\" data-e-type=\"widget\" data-widget_type=\"html.default\">\n\t\t\t\t<div class=\"elementor-widget-container\">\n\t\t\t\t\t<a class=\"btn-white\" href=\"https:\/\/gaviaspreview.com\/wp\/conult\/contact\/\">\n    Free Consultation\n<\/a>\t\t\t\t<\/div>\n\t\t\t\t<\/div>\n\t\t\t\t\t<\/div>\n\t\t<\/div>\n\t\t\t\t\t<\/div>\n\t\t<\/section>\n\t\t\t\t<\/div>\n\t\t","protected":false},"excerpt":{"rendered":"<p>Live Stream From Awwwards Showcasing Trends Home 08 Dec admin3 Comments A day in the life of entrepreneur &amp; ceo There are many variations of but the majority have simply [&hellip;]<\/p>\n","protected":false},"author":1,"featured_media":0,"parent":0,"menu_order":0,"comment_status":"closed","ping_status":"closed","template":"","meta":{"nf_dc_page":"","pagelayer_contact_templates":[],"_pagelayer_content":"","footnotes":""},"class_list":["post-25","page","type-page","status-publish","hentry"],"_links":{"self":[{"href":"https:\/\/truglobia.com\/es\/wp-json\/wp\/v2\/pages\/25","targetHints":{"allow":["GET"]}}],"collection":[{"href":"https:\/\/truglobia.com\/es\/wp-json\/wp\/v2\/pages"}],"about":[{"href":"https:\/\/truglobia.com\/es\/wp-json\/wp\/v2\/types\/page"}],"author":[{"embeddable":true,"href":"https:\/\/truglobia.com\/es\/wp-json\/wp\/v2\/users\/1"}],"replies":[{"embeddable":true,"href":"https:\/\/truglobia.com\/es\/wp-json\/wp\/v2\/comments?post=25"}],"version-history":[{"count":1,"href":"https:\/\/truglobia.com\/es\/wp-json\/wp\/v2\/pages\/25\/revisions"}],"predecessor-version":[{"id":1528,"href":"https:\/\/truglobia.com\/es\/wp-json\/wp\/v2\/pages\/25\/revisions\/1528"}],"wp:attachment":[{"href":"https:\/\/truglobia.com\/es\/wp-json\/wp\/v2\/media?parent=25"}],"curies":[{"name":"wp","href":"https:\/\/api.w.org\/{rel}","templated":true}]}}