{"id":2181,"date":"2025-06-12T14:23:08","date_gmt":"2025-06-12T14:23:08","guid":{"rendered":"https:\/\/truglobia.com\/es\/?page_id=2181"},"modified":"2025-06-12T14:24:19","modified_gmt":"2025-06-12T14:24:19","slug":"servicios-de-traduccion","status":"publish","type":"page","link":"https:\/\/truglobia.com\/es\/services\/servicios-de-traduccion\/","title":{"rendered":"Servicios de Traducci\u00f3n"},"content":{"rendered":"\t\t<div data-elementor-type=\"wp-page\" data-elementor-id=\"2181\" class=\"elementor elementor-2181\">\n\t\t\t\t\t\t<section class=\"elementor-section elementor-top-section elementor-element elementor-element-0f8cd4c elementor-section-boxed elementor-section-height-default elementor-section-height-default\" data-id=\"0f8cd4c\" data-element_type=\"section\" data-e-type=\"section\">\n\t\t\t\t\t\t<div class=\"elementor-container elementor-column-gap-default\">\n\t\t\t\t\t<div class=\"elementor-column elementor-col-50 elementor-top-column elementor-element elementor-element-69ea55f\" data-id=\"69ea55f\" data-element_type=\"column\" data-e-type=\"column\">\n\t\t\t<div class=\"elementor-widget-wrap elementor-element-populated\">\n\t\t\t\t\t\t<div class=\"elementor-element elementor-element-5a80ceb elementor-widget elementor-widget-image\" data-id=\"5a80ceb\" data-element_type=\"widget\" data-e-type=\"widget\" data-widget_type=\"image.default\">\n\t\t\t\t<div class=\"elementor-widget-container\">\n\t\t\t\t\t\t\t\t\t\t\t\t\t\t\t<img loading=\"lazy\" decoding=\"async\" loading=\"lazy\" width=\"600\" height=\"400\" src=\"https:\/\/truglobia.com\/es\/wp-content\/uploads\/2025\/06\/immigration-law-services-pic-34.jpg\" class=\"attachment-large size-large wp-image-2170\" alt=\"\" \/>\t\t\t\t\t\t\t\t\t\t\t\t\t\t\t<\/div>\n\t\t\t\t<\/div>\n\t\t\t\t\t<\/div>\n\t\t<\/div>\n\t\t\t\t<div class=\"elementor-column elementor-col-50 elementor-top-column elementor-element elementor-element-1cc85d0\" data-id=\"1cc85d0\" data-element_type=\"column\" data-e-type=\"column\">\n\t\t\t<div class=\"elementor-widget-wrap elementor-element-populated\">\n\t\t\t\t\t\t<div class=\"elementor-element elementor-element-1215fc6 elementor-widget elementor-widget-text-editor\" data-id=\"1215fc6\" data-element_type=\"widget\" data-e-type=\"widget\" data-widget_type=\"text-editor.default\">\n\t\t\t\t<div class=\"elementor-widget-container\">\n\t\t\t\t\t\t\t\t\t<p data-start=\"0\" data-end=\"358\">En TruGlobia, entendemos que cada palabra cuenta, especialmente cuando se trata de su camino hacia los Estados Unidos. Por eso ofrecemos servicios de traducci\u00f3n profesional desde cualquier idioma al ingl\u00e9s, dise\u00f1ados espec\u00edficamente para cumplir con los requisitos de los procesos migratorios. Nuestro equipo de traductores expertos garantiza no solo precisi\u00f3n ling\u00fc\u00edstica, sino tambi\u00e9n fidelidad cultural y cumplimiento de los requisitos legales, asegurando que sus documentos sean impecables y aceptados por las autoridades estadounidenses. Desde actas de nacimiento hasta certificados acad\u00e9micos, nos aseguramos de que su voz y su historia se transmitan con claridad, derribando barreras de comunicaci\u00f3n y abriendo el camino hacia sus metas en los Estados Unidos.<\/p>\t\t\t\t\t\t\t\t<\/div>\n\t\t\t\t<\/div>\n\t\t\t\t\t<\/div>\n\t\t<\/div>\n\t\t\t\t\t<\/div>\n\t\t<\/section>\n\t\t\t\t<\/div>\n\t\t","protected":false},"excerpt":{"rendered":"<p>En TruGlobia, entendemos que cada palabra cuenta, especialmente cuando se trata de su camino hacia los Estados Unidos. Por eso ofrecemos servicios de traducci\u00f3n profesional desde cualquier idioma al ingl\u00e9s, [&hellip;]<\/p>\n","protected":false},"author":3,"featured_media":0,"parent":161,"menu_order":11,"comment_status":"closed","ping_status":"closed","template":"","meta":{"nf_dc_page":"","pagelayer_contact_templates":[],"_pagelayer_content":"","footnotes":""},"class_list":["post-2181","page","type-page","status-publish","hentry"],"_links":{"self":[{"href":"https:\/\/truglobia.com\/es\/wp-json\/wp\/v2\/pages\/2181","targetHints":{"allow":["GET"]}}],"collection":[{"href":"https:\/\/truglobia.com\/es\/wp-json\/wp\/v2\/pages"}],"about":[{"href":"https:\/\/truglobia.com\/es\/wp-json\/wp\/v2\/types\/page"}],"author":[{"embeddable":true,"href":"https:\/\/truglobia.com\/es\/wp-json\/wp\/v2\/users\/3"}],"replies":[{"embeddable":true,"href":"https:\/\/truglobia.com\/es\/wp-json\/wp\/v2\/comments?post=2181"}],"version-history":[{"count":4,"href":"https:\/\/truglobia.com\/es\/wp-json\/wp\/v2\/pages\/2181\/revisions"}],"predecessor-version":[{"id":2185,"href":"https:\/\/truglobia.com\/es\/wp-json\/wp\/v2\/pages\/2181\/revisions\/2185"}],"up":[{"embeddable":true,"href":"https:\/\/truglobia.com\/es\/wp-json\/wp\/v2\/pages\/161"}],"wp:attachment":[{"href":"https:\/\/truglobia.com\/es\/wp-json\/wp\/v2\/media?parent=2181"}],"curies":[{"name":"wp","href":"https:\/\/api.w.org\/{rel}","templated":true}]}}