{"id":2176,"date":"2025-06-12T14:20:12","date_gmt":"2025-06-12T14:20:12","guid":{"rendered":"https:\/\/truglobia.com\/es\/?page_id=2176"},"modified":"2025-06-12T14:21:25","modified_gmt":"2025-06-12T14:21:25","slug":"servicios-de-la-ley-de-libertad-de-informacion","status":"publish","type":"page","link":"https:\/\/truglobia.com\/es\/services\/servicios-de-la-ley-de-libertad-de-informacion\/","title":{"rendered":"Servicios de la Ley de Libertad de Informaci\u00f3n (FOIA)"},"content":{"rendered":"\t\t<div data-elementor-type=\"wp-page\" data-elementor-id=\"2176\" class=\"elementor elementor-2176\">\n\t\t\t\t\t\t<section class=\"elementor-section elementor-top-section elementor-element elementor-element-0f8cd4c elementor-section-boxed elementor-section-height-default elementor-section-height-default\" data-id=\"0f8cd4c\" data-element_type=\"section\" data-e-type=\"section\">\n\t\t\t\t\t\t<div class=\"elementor-container elementor-column-gap-default\">\n\t\t\t\t\t<div class=\"elementor-column elementor-col-50 elementor-top-column elementor-element elementor-element-69ea55f\" data-id=\"69ea55f\" data-element_type=\"column\" data-e-type=\"column\">\n\t\t\t<div class=\"elementor-widget-wrap elementor-element-populated\">\n\t\t\t\t\t\t<div class=\"elementor-element elementor-element-5a80ceb elementor-widget elementor-widget-image\" data-id=\"5a80ceb\" data-element_type=\"widget\" data-e-type=\"widget\" data-widget_type=\"image.default\">\n\t\t\t\t<div class=\"elementor-widget-container\">\n\t\t\t\t\t\t\t\t\t\t\t\t\t\t\t<img loading=\"lazy\" decoding=\"async\" loading=\"lazy\" width=\"600\" height=\"400\" src=\"https:\/\/truglobia.com\/es\/wp-content\/uploads\/2025\/06\/immigration-law-services-pic-33.jpg\" class=\"attachment-large size-large wp-image-2171\" alt=\"\" \/>\t\t\t\t\t\t\t\t\t\t\t\t\t\t\t<\/div>\n\t\t\t\t<\/div>\n\t\t\t\t\t<\/div>\n\t\t<\/div>\n\t\t\t\t<div class=\"elementor-column elementor-col-50 elementor-top-column elementor-element elementor-element-1cc85d0\" data-id=\"1cc85d0\" data-element_type=\"column\" data-e-type=\"column\">\n\t\t\t<div class=\"elementor-widget-wrap elementor-element-populated\">\n\t\t\t\t\t\t<div class=\"elementor-element elementor-element-1215fc6 elementor-widget elementor-widget-text-editor\" data-id=\"1215fc6\" data-element_type=\"widget\" data-e-type=\"widget\" data-widget_type=\"text-editor.default\">\n\t\t\t\t<div class=\"elementor-widget-container\">\n\t\t\t\t\t\t\t\t\t<p data-start=\"0\" data-end=\"358\">En Truglobia, entendemos la importancia de tener acceso a su informaci\u00f3n personal, especialmente cuando est\u00e1 en manos de agencias del gobierno de los Estados Unidos. A trav\u00e9s de la Ley de Libertad de Informaci\u00f3n (FOIA), usted tiene el derecho de solicitar y obtener sus propios registros. Le ofrecemos el apoyo experto que necesita para navegar este proceso.<\/p><p data-start=\"360\" data-end=\"779\" data-is-last-node=\"\" data-is-only-node=\"\">Nuestro equipo lo guiar\u00e1 en la solicitud de sus registros personales ante cualquier agencia gubernamental relevante, asegur\u00e1ndose de que su petici\u00f3n est\u00e9 completa, sea precisa y cumpla con todos los requisitos para obtener una respuesta eficiente. Ya sea por motivos migratorios, profesionales o informativos, en Truglobia le ayudamos a ejercer su derecho a la transparencia y acceder a la informaci\u00f3n que le pertenece.<\/p>\t\t\t\t\t\t\t\t<\/div>\n\t\t\t\t<\/div>\n\t\t\t\t\t<\/div>\n\t\t<\/div>\n\t\t\t\t\t<\/div>\n\t\t<\/section>\n\t\t\t\t<\/div>\n\t\t","protected":false},"excerpt":{"rendered":"<p>En Truglobia, entendemos la importancia de tener acceso a su informaci\u00f3n personal, especialmente cuando est\u00e1 en manos de agencias del gobierno de los Estados Unidos. A trav\u00e9s de la Ley [&hellip;]<\/p>\n","protected":false},"author":3,"featured_media":0,"parent":161,"menu_order":10,"comment_status":"closed","ping_status":"closed","template":"","meta":{"nf_dc_page":"","pagelayer_contact_templates":[],"_pagelayer_content":"","footnotes":""},"class_list":["post-2176","page","type-page","status-publish","hentry"],"_links":{"self":[{"href":"https:\/\/truglobia.com\/es\/wp-json\/wp\/v2\/pages\/2176","targetHints":{"allow":["GET"]}}],"collection":[{"href":"https:\/\/truglobia.com\/es\/wp-json\/wp\/v2\/pages"}],"about":[{"href":"https:\/\/truglobia.com\/es\/wp-json\/wp\/v2\/types\/page"}],"author":[{"embeddable":true,"href":"https:\/\/truglobia.com\/es\/wp-json\/wp\/v2\/users\/3"}],"replies":[{"embeddable":true,"href":"https:\/\/truglobia.com\/es\/wp-json\/wp\/v2\/comments?post=2176"}],"version-history":[{"count":4,"href":"https:\/\/truglobia.com\/es\/wp-json\/wp\/v2\/pages\/2176\/revisions"}],"predecessor-version":[{"id":2180,"href":"https:\/\/truglobia.com\/es\/wp-json\/wp\/v2\/pages\/2176\/revisions\/2180"}],"up":[{"embeddable":true,"href":"https:\/\/truglobia.com\/es\/wp-json\/wp\/v2\/pages\/161"}],"wp:attachment":[{"href":"https:\/\/truglobia.com\/es\/wp-json\/wp\/v2\/media?parent=2176"}],"curies":[{"name":"wp","href":"https:\/\/api.w.org\/{rel}","templated":true}]}}