{"id":2168,"date":"2025-06-12T14:16:23","date_gmt":"2025-06-12T14:16:23","guid":{"rendered":"https:\/\/truglobia.com\/es\/?page_id=2168"},"modified":"2025-06-12T14:17:38","modified_gmt":"2025-06-12T14:17:38","slug":"antecedentes-penales","status":"publish","type":"page","link":"https:\/\/truglobia.com\/es\/services\/antecedentes-penales\/","title":{"rendered":"Antecedentes penales"},"content":{"rendered":"\t\t<div data-elementor-type=\"wp-page\" data-elementor-id=\"2168\" class=\"elementor elementor-2168\">\n\t\t\t\t\t\t<section class=\"elementor-section elementor-top-section elementor-element elementor-element-0f8cd4c elementor-section-boxed elementor-section-height-default elementor-section-height-default\" data-id=\"0f8cd4c\" data-element_type=\"section\" data-e-type=\"section\">\n\t\t\t\t\t\t<div class=\"elementor-container elementor-column-gap-default\">\n\t\t\t\t\t<div class=\"elementor-column elementor-col-50 elementor-top-column elementor-element elementor-element-69ea55f\" data-id=\"69ea55f\" data-element_type=\"column\" data-e-type=\"column\">\n\t\t\t<div class=\"elementor-widget-wrap elementor-element-populated\">\n\t\t\t\t\t\t<div class=\"elementor-element elementor-element-5a80ceb elementor-widget elementor-widget-image\" data-id=\"5a80ceb\" data-element_type=\"widget\" data-e-type=\"widget\" data-widget_type=\"image.default\">\n\t\t\t\t<div class=\"elementor-widget-container\">\n\t\t\t\t\t\t\t\t\t\t\t\t\t\t\t<img loading=\"lazy\" decoding=\"async\" loading=\"lazy\" width=\"600\" height=\"400\" src=\"https:\/\/truglobia.com\/es\/wp-content\/uploads\/2025\/06\/immigration-law-services-pic-32.jpg\" class=\"attachment-large size-large wp-image-2172\" alt=\"\" \/>\t\t\t\t\t\t\t\t\t\t\t\t\t\t\t<\/div>\n\t\t\t\t<\/div>\n\t\t\t\t\t<\/div>\n\t\t<\/div>\n\t\t\t\t<div class=\"elementor-column elementor-col-50 elementor-top-column elementor-element elementor-element-1cc85d0\" data-id=\"1cc85d0\" data-element_type=\"column\" data-e-type=\"column\">\n\t\t\t<div class=\"elementor-widget-wrap elementor-element-populated\">\n\t\t\t\t\t\t<div class=\"elementor-element elementor-element-1215fc6 elementor-widget elementor-widget-text-editor\" data-id=\"1215fc6\" data-element_type=\"widget\" data-e-type=\"widget\" data-widget_type=\"text-editor.default\">\n\t\t\t\t<div class=\"elementor-widget-container\">\n\t\t\t\t\t\t\t\t\t<p>En Truglobia, sabemos que tener un historial limpio es esencial para sus aspiraciones en los Estados Unidos. Por eso ofrecemos un servicio vital de verificaci\u00f3n de antecedentes penales, un requisito com\u00fan para solicitar empleos, pedir visas o trabajar con agencias gubernamentales. Nos encargamos de todo el proceso: desde la toma de huellas dactilares de manera profesional y eficiente, hasta su gesti\u00f3n y env\u00edo a las agencias gubernamentales correspondientes. Con nuestro respaldo, usted puede tener la tranquilidad de que este paso crucial se completar\u00e1 sin inconvenientes, brind\u00e1ndole la paz mental y la documentaci\u00f3n necesaria para avanzar con confianza hacia sus metas en los Estados Unidos.<\/p>\t\t\t\t\t\t\t\t<\/div>\n\t\t\t\t<\/div>\n\t\t\t\t\t<\/div>\n\t\t<\/div>\n\t\t\t\t\t<\/div>\n\t\t<\/section>\n\t\t\t\t<\/div>\n\t\t","protected":false},"excerpt":{"rendered":"<p>En Truglobia, sabemos que tener un historial limpio es esencial para sus aspiraciones en los Estados Unidos. Por eso ofrecemos un servicio vital de verificaci\u00f3n de antecedentes penales, un requisito [&hellip;]<\/p>\n","protected":false},"author":3,"featured_media":0,"parent":161,"menu_order":9,"comment_status":"closed","ping_status":"closed","template":"","meta":{"nf_dc_page":"","pagelayer_contact_templates":[],"_pagelayer_content":"","footnotes":""},"class_list":["post-2168","page","type-page","status-publish","hentry"],"_links":{"self":[{"href":"https:\/\/truglobia.com\/es\/wp-json\/wp\/v2\/pages\/2168","targetHints":{"allow":["GET"]}}],"collection":[{"href":"https:\/\/truglobia.com\/es\/wp-json\/wp\/v2\/pages"}],"about":[{"href":"https:\/\/truglobia.com\/es\/wp-json\/wp\/v2\/types\/page"}],"author":[{"embeddable":true,"href":"https:\/\/truglobia.com\/es\/wp-json\/wp\/v2\/users\/3"}],"replies":[{"embeddable":true,"href":"https:\/\/truglobia.com\/es\/wp-json\/wp\/v2\/comments?post=2168"}],"version-history":[{"count":4,"href":"https:\/\/truglobia.com\/es\/wp-json\/wp\/v2\/pages\/2168\/revisions"}],"predecessor-version":[{"id":2175,"href":"https:\/\/truglobia.com\/es\/wp-json\/wp\/v2\/pages\/2168\/revisions\/2175"}],"up":[{"embeddable":true,"href":"https:\/\/truglobia.com\/es\/wp-json\/wp\/v2\/pages\/161"}],"wp:attachment":[{"href":"https:\/\/truglobia.com\/es\/wp-json\/wp\/v2\/media?parent=2168"}],"curies":[{"name":"wp","href":"https:\/\/api.w.org\/{rel}","templated":true}]}}