{"id":2135,"date":"2025-06-05T15:44:50","date_gmt":"2025-06-05T15:44:50","guid":{"rendered":"https:\/\/truglobia.com\/?page_id=2135"},"modified":"2025-06-05T15:50:12","modified_gmt":"2025-06-05T15:50:12","slug":"ley-de-libertad-de-informacion-foia","status":"publish","type":"page","link":"https:\/\/truglobia.com\/es\/services\/ley-de-libertad-de-informacion-foia\/","title":{"rendered":"Ley de libertad de informaci\u00f3n (FOIA)"},"content":{"rendered":"\t\t<div data-elementor-type=\"wp-page\" data-elementor-id=\"2135\" class=\"elementor elementor-2135\">\n\t\t\t\t\t\t<section class=\"elementor-section elementor-top-section elementor-element elementor-element-65f39ff elementor-section-boxed elementor-section-height-default elementor-section-height-default\" data-id=\"65f39ff\" data-element_type=\"section\" data-e-type=\"section\">\n\t\t\t\t\t\t<div class=\"elementor-container elementor-column-gap-default\">\n\t\t\t\t\t<div class=\"elementor-column elementor-col-50 elementor-top-column elementor-element elementor-element-97097ed\" data-id=\"97097ed\" data-element_type=\"column\" data-e-type=\"column\">\n\t\t\t<div class=\"elementor-widget-wrap elementor-element-populated\">\n\t\t\t\t\t\t<div class=\"elementor-element elementor-element-e5712ba elementor-widget elementor-widget-image\" data-id=\"e5712ba\" data-element_type=\"widget\" data-e-type=\"widget\" data-widget_type=\"image.default\">\n\t\t\t\t<div class=\"elementor-widget-container\">\n\t\t\t\t\t\t\t\t\t\t\t\t\t\t\t<img decoding=\"async\" src=\"https:\/\/truglobia.com\/es\/wp-content\/plugins\/elementor\/assets\/images\/placeholder.png\" title=\"\" alt=\"\" loading=\"lazy\" \/>\t\t\t\t\t\t\t\t\t\t\t\t\t\t\t<\/div>\n\t\t\t\t<\/div>\n\t\t\t\t\t<\/div>\n\t\t<\/div>\n\t\t\t\t<div class=\"elementor-column elementor-col-50 elementor-top-column elementor-element elementor-element-25534c3\" data-id=\"25534c3\" data-element_type=\"column\" data-e-type=\"column\">\n\t\t\t<div class=\"elementor-widget-wrap elementor-element-populated\">\n\t\t\t\t\t\t<div class=\"elementor-element elementor-element-dba4e80 elementor-widget elementor-widget-text-editor\" data-id=\"dba4e80\" data-element_type=\"widget\" data-e-type=\"widget\" data-widget_type=\"text-editor.default\">\n\t\t\t\t<div class=\"elementor-widget-container\">\n\t\t\t\t\t\t\t\t\t<p><span style=\"font-weight: 400;\">En Truglobia, comprendemos la importancia de tener acceso a tu informaci\u00f3n personal, especialmente cuando es mantenida por agencias gubernamentales de los Estados Unidos. A trav\u00e9s de la Ley de Libertad de Informaci\u00f3n (FOIA), tienes el derecho de solicitar y obtener tus propios registros. Nosotros te ofrecemos el apoyo experto que necesitas para navegar este proceso.<\/span><\/p><p><span style=\"font-weight: 400;\">Nuestro equipo te guiar\u00e1 en la solicitud de tus r\u00e9cords personales ante cualquier agencia gubernamental relevante, asegurando que tu petici\u00f3n sea completa, precisa y cumpla con todos los requisitos para una respuesta eficiente. Ya sea para fines migratorios, profesionales o simplemente para mantenerte informado, en Truglobia te asistimos para que ejerzas tu derecho a la transparencia y accedas a la informaci\u00f3n que es tuya.<\/span><\/p>\t\t\t\t\t\t\t\t<\/div>\n\t\t\t\t<\/div>\n\t\t\t\t\t<\/div>\n\t\t<\/div>\n\t\t\t\t\t<\/div>\n\t\t<\/section>\n\t\t\t\t<\/div>\n\t\t","protected":false},"excerpt":{"rendered":"<p>En Truglobia, comprendemos la importancia de tener acceso a tu informaci\u00f3n personal, especialmente cuando es mantenida por agencias gubernamentales de los Estados Unidos. A trav\u00e9s de la Ley de Libertad [&hellip;]<\/p>\n","protected":false},"author":2,"featured_media":0,"parent":161,"menu_order":0,"comment_status":"closed","ping_status":"closed","template":"","meta":{"nf_dc_page":"","pagelayer_contact_templates":[],"_pagelayer_content":"","footnotes":""},"class_list":["post-2135","page","type-page","status-publish","hentry"],"_links":{"self":[{"href":"https:\/\/truglobia.com\/es\/wp-json\/wp\/v2\/pages\/2135","targetHints":{"allow":["GET"]}}],"collection":[{"href":"https:\/\/truglobia.com\/es\/wp-json\/wp\/v2\/pages"}],"about":[{"href":"https:\/\/truglobia.com\/es\/wp-json\/wp\/v2\/types\/page"}],"author":[{"embeddable":true,"href":"https:\/\/truglobia.com\/es\/wp-json\/wp\/v2\/users\/2"}],"replies":[{"embeddable":true,"href":"https:\/\/truglobia.com\/es\/wp-json\/wp\/v2\/comments?post=2135"}],"version-history":[{"count":4,"href":"https:\/\/truglobia.com\/es\/wp-json\/wp\/v2\/pages\/2135\/revisions"}],"predecessor-version":[{"id":2141,"href":"https:\/\/truglobia.com\/es\/wp-json\/wp\/v2\/pages\/2135\/revisions\/2141"}],"up":[{"embeddable":true,"href":"https:\/\/truglobia.com\/es\/wp-json\/wp\/v2\/pages\/161"}],"wp:attachment":[{"href":"https:\/\/truglobia.com\/es\/wp-json\/wp\/v2\/media?parent=2135"}],"curies":[{"name":"wp","href":"https:\/\/api.w.org\/{rel}","templated":true}]}}