{"id":2128,"date":"2025-06-05T15:42:22","date_gmt":"2025-06-05T15:42:22","guid":{"rendered":"https:\/\/truglobia.com\/?page_id=2128"},"modified":"2025-06-05T15:44:13","modified_gmt":"2025-06-05T15:44:13","slug":"record-criminal","status":"publish","type":"page","link":"https:\/\/truglobia.com\/es\/services\/record-criminal\/","title":{"rendered":"Record Criminal"},"content":{"rendered":"\t\t<div data-elementor-type=\"wp-page\" data-elementor-id=\"2128\" class=\"elementor elementor-2128\">\n\t\t\t\t\t\t<section class=\"elementor-section elementor-top-section elementor-element elementor-element-bc9dcfd elementor-section-boxed elementor-section-height-default elementor-section-height-default\" data-id=\"bc9dcfd\" data-element_type=\"section\" data-e-type=\"section\">\n\t\t\t\t\t\t<div class=\"elementor-container elementor-column-gap-default\">\n\t\t\t\t\t<div class=\"elementor-column elementor-col-50 elementor-top-column elementor-element elementor-element-0fe264d\" data-id=\"0fe264d\" data-element_type=\"column\" data-e-type=\"column\">\n\t\t\t<div class=\"elementor-widget-wrap elementor-element-populated\">\n\t\t\t\t\t\t<div class=\"elementor-element elementor-element-f2b8d85 elementor-widget elementor-widget-image\" data-id=\"f2b8d85\" data-element_type=\"widget\" data-e-type=\"widget\" data-widget_type=\"image.default\">\n\t\t\t\t<div class=\"elementor-widget-container\">\n\t\t\t\t\t\t\t\t\t\t\t\t\t\t\t<img decoding=\"async\" src=\"https:\/\/truglobia.com\/es\/wp-content\/plugins\/elementor\/assets\/images\/placeholder.png\" title=\"\" alt=\"\" loading=\"lazy\" \/>\t\t\t\t\t\t\t\t\t\t\t\t\t\t\t<\/div>\n\t\t\t\t<\/div>\n\t\t\t\t\t<\/div>\n\t\t<\/div>\n\t\t\t\t<div class=\"elementor-column elementor-col-50 elementor-top-column elementor-element elementor-element-148aada\" data-id=\"148aada\" data-element_type=\"column\" data-e-type=\"column\">\n\t\t\t<div class=\"elementor-widget-wrap elementor-element-populated\">\n\t\t\t\t\t\t<div class=\"elementor-element elementor-element-1e1c441 elementor-widget elementor-widget-text-editor\" data-id=\"1e1c441\" data-element_type=\"widget\" data-e-type=\"widget\" data-widget_type=\"text-editor.default\">\n\t\t\t\t<div class=\"elementor-widget-container\">\n\t\t\t\t\t\t\t\t\t<p>En TruGlobia, sabemos que un historial limpio es fundamental para tus aspiraciones en los Estados Unidos. Por eso, ofrecemos un servicio esencial para la <strong>verificaci\u00f3n de antecedentes penales<\/strong>, un requisito com\u00fan para aplicar a empleos, solicitar visas, o trabajar con agencias gubernamentales. Nos encargamos de todo el proceso: desde la <strong>toma de tus huellas digitales<\/strong> de manera profesional y eficiente, hasta la gesti\u00f3n y env\u00edo a las agencias gubernamentales correspondientes. Con nuestro apoyo, puedes estar seguro de que este paso crucial se realizar\u00e1 sin contratiempos, proporcion\u00e1ndote la tranquilidad y la documentaci\u00f3n necesaria para avanzar con confianza hacia tus metas en los Estados Unidos.<\/p>\t\t\t\t\t\t\t\t<\/div>\n\t\t\t\t<\/div>\n\t\t\t\t\t<\/div>\n\t\t<\/div>\n\t\t\t\t\t<\/div>\n\t\t<\/section>\n\t\t\t\t<\/div>\n\t\t","protected":false},"excerpt":{"rendered":"<p>En TruGlobia, sabemos que un historial limpio es fundamental para tus aspiraciones en los Estados Unidos. Por eso, ofrecemos un servicio esencial para la verificaci\u00f3n de antecedentes penales, un requisito [&hellip;]<\/p>\n","protected":false},"author":2,"featured_media":0,"parent":161,"menu_order":0,"comment_status":"closed","ping_status":"closed","template":"","meta":{"nf_dc_page":"","pagelayer_contact_templates":[],"_pagelayer_content":"","footnotes":""},"class_list":["post-2128","page","type-page","status-publish","hentry"],"_links":{"self":[{"href":"https:\/\/truglobia.com\/es\/wp-json\/wp\/v2\/pages\/2128","targetHints":{"allow":["GET"]}}],"collection":[{"href":"https:\/\/truglobia.com\/es\/wp-json\/wp\/v2\/pages"}],"about":[{"href":"https:\/\/truglobia.com\/es\/wp-json\/wp\/v2\/types\/page"}],"author":[{"embeddable":true,"href":"https:\/\/truglobia.com\/es\/wp-json\/wp\/v2\/users\/2"}],"replies":[{"embeddable":true,"href":"https:\/\/truglobia.com\/es\/wp-json\/wp\/v2\/comments?post=2128"}],"version-history":[{"count":4,"href":"https:\/\/truglobia.com\/es\/wp-json\/wp\/v2\/pages\/2128\/revisions"}],"predecessor-version":[{"id":2134,"href":"https:\/\/truglobia.com\/es\/wp-json\/wp\/v2\/pages\/2128\/revisions\/2134"}],"up":[{"embeddable":true,"href":"https:\/\/truglobia.com\/es\/wp-json\/wp\/v2\/pages\/161"}],"wp:attachment":[{"href":"https:\/\/truglobia.com\/es\/wp-json\/wp\/v2\/media?parent=2128"}],"curies":[{"name":"wp","href":"https:\/\/api.w.org\/{rel}","templated":true}]}}