{"id":2118,"date":"2025-06-05T15:37:17","date_gmt":"2025-06-05T15:37:17","guid":{"rendered":"https:\/\/truglobia.com\/?page_id=2118"},"modified":"2025-06-05T15:54:53","modified_gmt":"2025-06-05T15:54:53","slug":"traducciones","status":"publish","type":"page","link":"https:\/\/truglobia.com\/es\/services\/traducciones\/","title":{"rendered":"Traducciones"},"content":{"rendered":"\t\t<div data-elementor-type=\"wp-page\" data-elementor-id=\"2118\" class=\"elementor elementor-2118\">\n\t\t\t\t\t\t<section class=\"elementor-section elementor-top-section elementor-element elementor-element-50ce47a elementor-section-boxed elementor-section-height-default elementor-section-height-default\" data-id=\"50ce47a\" data-element_type=\"section\" data-e-type=\"section\">\n\t\t\t\t\t\t<div class=\"elementor-container elementor-column-gap-default\">\n\t\t\t\t\t<div class=\"elementor-column elementor-col-50 elementor-top-column elementor-element elementor-element-835b672\" data-id=\"835b672\" data-element_type=\"column\" data-e-type=\"column\">\n\t\t\t<div class=\"elementor-widget-wrap elementor-element-populated\">\n\t\t\t\t\t\t<div class=\"elementor-element elementor-element-e88468a elementor-widget elementor-widget-image\" data-id=\"e88468a\" data-element_type=\"widget\" data-e-type=\"widget\" data-widget_type=\"image.default\">\n\t\t\t\t<div class=\"elementor-widget-container\">\n\t\t\t\t\t\t\t\t\t\t\t\t\t\t\t<img decoding=\"async\" src=\"https:\/\/truglobia.com\/es\/wp-content\/plugins\/elementor\/assets\/images\/placeholder.png\" title=\"\" alt=\"\" loading=\"lazy\" \/>\t\t\t\t\t\t\t\t\t\t\t\t\t\t\t<\/div>\n\t\t\t\t<\/div>\n\t\t\t\t\t<\/div>\n\t\t<\/div>\n\t\t\t\t<div class=\"elementor-column elementor-col-50 elementor-top-column elementor-element elementor-element-5e8856e\" data-id=\"5e8856e\" data-element_type=\"column\" data-e-type=\"column\">\n\t\t\t<div class=\"elementor-widget-wrap elementor-element-populated\">\n\t\t\t\t\t\t<div class=\"elementor-element elementor-element-277526e elementor-widget elementor-widget-text-editor\" data-id=\"277526e\" data-element_type=\"widget\" data-e-type=\"widget\" data-widget_type=\"text-editor.default\">\n\t\t\t\t<div class=\"elementor-widget-container\">\n\t\t\t\t\t\t\t\t\t<p>En TruGlobia, entendemos que cada palabra cuenta, especialmente cuando se trata de tu viaje a los Estados Unidos. Por eso, ofrecemos servicios de traducci\u00f3n profesionales de cualquier idioma al ingl\u00e9s, dise\u00f1ados espec\u00edficamente para satisfacer las exigencias de los procesos migratorios. Nuestro equipo de traductores expertos no solo garantiza la precisi\u00f3n ling\u00fc\u00edstica, sino tambi\u00e9n la fidelidad cultural y la conformidad con los requisitos legales, asegurando que tus documentos sean impecables y aceptados por las autoridades estadounidenses. Desde certificados de nacimiento hasta expedientes acad\u00e9micos, nos encargamos de que tu voz y tu historia se transmitan claramente, eliminando barreras de comunicaci\u00f3n y allanando el camino hacia tus metas en los Estados Unidos.<\/p>\t\t\t\t\t\t\t\t<\/div>\n\t\t\t\t<\/div>\n\t\t\t\t\t<\/div>\n\t\t<\/div>\n\t\t\t\t\t<\/div>\n\t\t<\/section>\n\t\t\t\t<\/div>\n\t\t","protected":false},"excerpt":{"rendered":"<p>En TruGlobia, entendemos que cada palabra cuenta, especialmente cuando se trata de tu viaje a los Estados Unidos. Por eso, ofrecemos servicios de traducci\u00f3n profesionales de cualquier idioma al ingl\u00e9s, [&hellip;]<\/p>\n","protected":false},"author":2,"featured_media":0,"parent":161,"menu_order":0,"comment_status":"closed","ping_status":"closed","template":"","meta":{"nf_dc_page":"","pagelayer_contact_templates":[],"_pagelayer_content":"","footnotes":""},"class_list":["post-2118","page","type-page","status-publish","hentry"],"_links":{"self":[{"href":"https:\/\/truglobia.com\/es\/wp-json\/wp\/v2\/pages\/2118","targetHints":{"allow":["GET"]}}],"collection":[{"href":"https:\/\/truglobia.com\/es\/wp-json\/wp\/v2\/pages"}],"about":[{"href":"https:\/\/truglobia.com\/es\/wp-json\/wp\/v2\/types\/page"}],"author":[{"embeddable":true,"href":"https:\/\/truglobia.com\/es\/wp-json\/wp\/v2\/users\/2"}],"replies":[{"embeddable":true,"href":"https:\/\/truglobia.com\/es\/wp-json\/wp\/v2\/comments?post=2118"}],"version-history":[{"count":4,"href":"https:\/\/truglobia.com\/es\/wp-json\/wp\/v2\/pages\/2118\/revisions"}],"predecessor-version":[{"id":2146,"href":"https:\/\/truglobia.com\/es\/wp-json\/wp\/v2\/pages\/2118\/revisions\/2146"}],"up":[{"embeddable":true,"href":"https:\/\/truglobia.com\/es\/wp-json\/wp\/v2\/pages\/161"}],"wp:attachment":[{"href":"https:\/\/truglobia.com\/es\/wp-json\/wp\/v2\/media?parent=2118"}],"curies":[{"name":"wp","href":"https:\/\/api.w.org\/{rel}","templated":true}]}}