{"id":1837,"date":"2025-05-30T22:36:03","date_gmt":"2025-05-30T22:36:03","guid":{"rendered":"https:\/\/truglobia.com\/?page_id=1837"},"modified":"2025-06-02T05:04:48","modified_gmt":"2025-06-02T05:04:48","slug":"i-601-e-i-601a","status":"publish","type":"page","link":"https:\/\/truglobia.com\/es\/servicios-de-migracion\/i-601-e-i-601a\/","title":{"rendered":"I-601 e I-601A"},"content":{"rendered":"\t\t<div data-elementor-type=\"wp-page\" data-elementor-id=\"1837\" class=\"elementor elementor-1837\">\n\t\t\t\t\t\t<section class=\"elementor-section elementor-top-section elementor-element elementor-element-ba69c7a elementor-section-boxed elementor-section-height-default elementor-section-height-default\" data-id=\"ba69c7a\" data-element_type=\"section\" data-e-type=\"section\">\n\t\t\t\t\t\t<div class=\"elementor-container elementor-column-gap-default\">\n\t\t\t\t\t<div class=\"elementor-column elementor-col-50 elementor-top-column elementor-element elementor-element-dd98849\" data-id=\"dd98849\" data-element_type=\"column\" data-e-type=\"column\">\n\t\t\t<div class=\"elementor-widget-wrap elementor-element-populated\">\n\t\t\t\t\t\t<div class=\"elementor-element elementor-element-284534a elementor-widget elementor-widget-image\" data-id=\"284534a\" data-element_type=\"widget\" data-e-type=\"widget\" data-widget_type=\"image.default\">\n\t\t\t\t<div class=\"elementor-widget-container\">\n\t\t\t\t\t\t\t\t\t\t\t\t\t\t\t<img loading=\"lazy\" decoding=\"async\" loading=\"lazy\" width=\"900\" height=\"600\" src=\"https:\/\/truglobia.com\/es\/wp-content\/uploads\/2025\/06\/immigration-law-services-pic-25-1024x683.jpg\" class=\"attachment-large size-large wp-image-2055\" alt=\"\" srcset=\"https:\/\/truglobia.com\/es\/wp-content\/uploads\/2025\/06\/immigration-law-services-pic-25-1024x683.jpg 1024w, https:\/\/truglobia.com\/es\/wp-content\/uploads\/2025\/06\/immigration-law-services-pic-25-768x512.jpg 768w, https:\/\/truglobia.com\/es\/wp-content\/uploads\/2025\/06\/immigration-law-services-pic-25-600x400.jpg 600w, https:\/\/truglobia.com\/es\/wp-content\/uploads\/2025\/06\/immigration-law-services-pic-25.jpg 1200w\" sizes=\"auto, (max-width: 900px) 100vw, 900px\" \/>\t\t\t\t\t\t\t\t\t\t\t\t\t\t\t<\/div>\n\t\t\t\t<\/div>\n\t\t\t\t\t<\/div>\n\t\t<\/div>\n\t\t\t\t<div class=\"elementor-column elementor-col-50 elementor-top-column elementor-element elementor-element-6700829\" data-id=\"6700829\" data-element_type=\"column\" data-e-type=\"column\">\n\t\t\t<div class=\"elementor-widget-wrap elementor-element-populated\">\n\t\t\t\t\t\t<div class=\"elementor-element elementor-element-fc4596e elementor-widget elementor-widget-text-editor\" data-id=\"fc4596e\" data-element_type=\"widget\" data-e-type=\"widget\" data-widget_type=\"text-editor.default\">\n\t\t\t\t<div class=\"elementor-widget-container\">\n\t\t\t\t\t\t\t\t\t<p>Las exenciones I-601 e I-601A son fundamentales para personas indocumentadas que buscan regularizar su estatus migratorio en los Estados Unidos. El servicio de asistencia con estas solicitudes est\u00e1 dise\u00f1ado para permitir que los individuos superen causales de inadmisibilidad que de otra manera les impedir\u00edan inmigrar a EE.UU., ajustar su estatus a residencia permanente o incluso ingresar al pa\u00eds con una visa temporal. Esto significa que, aunque existan razones por las cuales una persona no ser\u00eda elegible para ciertos beneficios migratorios, estas exenciones ofrecen un camino legal para subsanar esas barreras y avanzar en su proceso migratorio.<\/p>\t\t\t\t\t\t\t\t<\/div>\n\t\t\t\t<\/div>\n\t\t\t\t\t<\/div>\n\t\t<\/div>\n\t\t\t\t\t<\/div>\n\t\t<\/section>\n\t\t\t\t<\/div>\n\t\t","protected":false},"excerpt":{"rendered":"<p>Las exenciones I-601 e I-601A son fundamentales para personas indocumentadas que buscan regularizar su estatus migratorio en los Estados Unidos. El servicio de asistencia con estas solicitudes est\u00e1 dise\u00f1ado para [&hellip;]<\/p>\n","protected":false},"author":2,"featured_media":0,"parent":1803,"menu_order":11,"comment_status":"closed","ping_status":"closed","template":"","meta":{"nf_dc_page":"","pagelayer_contact_templates":[],"_pagelayer_content":"","footnotes":""},"class_list":["post-1837","page","type-page","status-publish","hentry"],"_links":{"self":[{"href":"https:\/\/truglobia.com\/es\/wp-json\/wp\/v2\/pages\/1837","targetHints":{"allow":["GET"]}}],"collection":[{"href":"https:\/\/truglobia.com\/es\/wp-json\/wp\/v2\/pages"}],"about":[{"href":"https:\/\/truglobia.com\/es\/wp-json\/wp\/v2\/types\/page"}],"author":[{"embeddable":true,"href":"https:\/\/truglobia.com\/es\/wp-json\/wp\/v2\/users\/2"}],"replies":[{"embeddable":true,"href":"https:\/\/truglobia.com\/es\/wp-json\/wp\/v2\/comments?post=1837"}],"version-history":[{"count":7,"href":"https:\/\/truglobia.com\/es\/wp-json\/wp\/v2\/pages\/1837\/revisions"}],"predecessor-version":[{"id":2058,"href":"https:\/\/truglobia.com\/es\/wp-json\/wp\/v2\/pages\/1837\/revisions\/2058"}],"up":[{"embeddable":true,"href":"https:\/\/truglobia.com\/es\/wp-json\/wp\/v2\/pages\/1803"}],"wp:attachment":[{"href":"https:\/\/truglobia.com\/es\/wp-json\/wp\/v2\/media?parent=1837"}],"curies":[{"name":"wp","href":"https:\/\/api.w.org\/{rel}","templated":true}]}}