{"id":1833,"date":"2025-05-30T22:33:22","date_gmt":"2025-05-30T22:33:22","guid":{"rendered":"https:\/\/truglobia.com\/?page_id=1833"},"modified":"2025-06-02T05:12:50","modified_gmt":"2025-06-02T05:12:50","slug":"vawa-ley-de-violencia-contra-la-mujer","status":"publish","type":"page","link":"https:\/\/truglobia.com\/es\/servicios-de-migracion\/vawa-ley-de-violencia-contra-la-mujer\/","title":{"rendered":"VAWA (Ley de Violencia Contra la Mujer)"},"content":{"rendered":"\t\t<div data-elementor-type=\"wp-page\" data-elementor-id=\"1833\" class=\"elementor elementor-1833\">\n\t\t\t\t\t\t<section class=\"elementor-section elementor-top-section elementor-element elementor-element-ba69c7a elementor-section-boxed elementor-section-height-default elementor-section-height-default\" data-id=\"ba69c7a\" data-element_type=\"section\" data-e-type=\"section\">\n\t\t\t\t\t\t<div class=\"elementor-container elementor-column-gap-default\">\n\t\t\t\t\t<div class=\"elementor-column elementor-col-50 elementor-top-column elementor-element elementor-element-dd98849\" data-id=\"dd98849\" data-element_type=\"column\" data-e-type=\"column\">\n\t\t\t<div class=\"elementor-widget-wrap elementor-element-populated\">\n\t\t\t\t\t\t<div class=\"elementor-element elementor-element-284534a elementor-widget elementor-widget-image\" data-id=\"284534a\" data-element_type=\"widget\" data-e-type=\"widget\" data-widget_type=\"image.default\">\n\t\t\t\t<div class=\"elementor-widget-container\">\n\t\t\t\t\t\t\t\t\t\t\t\t\t\t\t<img loading=\"lazy\" decoding=\"async\" loading=\"lazy\" width=\"900\" height=\"600\" src=\"https:\/\/truglobia.com\/es\/wp-content\/uploads\/2025\/06\/immigration-law-services-pic-29-1024x683.jpg\" class=\"attachment-large size-large wp-image-2071\" alt=\"\" srcset=\"https:\/\/truglobia.com\/es\/wp-content\/uploads\/2025\/06\/immigration-law-services-pic-29-1024x683.jpg 1024w, https:\/\/truglobia.com\/es\/wp-content\/uploads\/2025\/06\/immigration-law-services-pic-29-768x512.jpg 768w, https:\/\/truglobia.com\/es\/wp-content\/uploads\/2025\/06\/immigration-law-services-pic-29-600x400.jpg 600w, https:\/\/truglobia.com\/es\/wp-content\/uploads\/2025\/06\/immigration-law-services-pic-29.jpg 1200w\" sizes=\"auto, (max-width: 900px) 100vw, 900px\" \/>\t\t\t\t\t\t\t\t\t\t\t\t\t\t\t<\/div>\n\t\t\t\t<\/div>\n\t\t\t\t\t<\/div>\n\t\t<\/div>\n\t\t\t\t<div class=\"elementor-column elementor-col-50 elementor-top-column elementor-element elementor-element-6700829\" data-id=\"6700829\" data-element_type=\"column\" data-e-type=\"column\">\n\t\t\t<div class=\"elementor-widget-wrap elementor-element-populated\">\n\t\t\t\t\t\t<div class=\"elementor-element elementor-element-fc4596e elementor-widget elementor-widget-text-editor\" data-id=\"fc4596e\" data-element_type=\"widget\" data-e-type=\"widget\" data-widget_type=\"text-editor.default\">\n\t\t\t\t<div class=\"elementor-widget-container\">\n\t\t\t\t\t\t\t\t\t<p>El servicio VAWA, basado en la Ley de Violencia Contra la Mujer, es una provisi\u00f3n crucial que extiende asistencia a individuos indocumentados que han sido v\u00edctimas de violencia dom\u00e9stica. Este apoyo est\u00e1 dise\u00f1ado espec\u00edficamente para aquellas personas elegibles que son familiares cercanos de ciudadanos estadounidenses o residentes permanentes legales. A trav\u00e9s de VAWA, las v\u00edctimas pueden buscar protecci\u00f3n legal y una v\u00eda hacia un estatus migratorio seguro, independientemente de la colaboraci\u00f3n de sus abusadores. El objetivo es ofrecer un refugio y un camino hacia la independencia para aquellos que han sufrido abuso en el contexto familiar y que, de otra forma, podr\u00edan temer buscar ayuda por su estatus migratorio.<\/p>\t\t\t\t\t\t\t\t<\/div>\n\t\t\t\t<\/div>\n\t\t\t\t\t<\/div>\n\t\t<\/div>\n\t\t\t\t\t<\/div>\n\t\t<\/section>\n\t\t\t\t<\/div>\n\t\t","protected":false},"excerpt":{"rendered":"<p>El servicio VAWA, basado en la Ley de Violencia Contra la Mujer, es una provisi\u00f3n crucial que extiende asistencia a individuos indocumentados que han sido v\u00edctimas de violencia dom\u00e9stica. Este [&hellip;]<\/p>\n","protected":false},"author":2,"featured_media":0,"parent":1803,"menu_order":9,"comment_status":"closed","ping_status":"closed","template":"","meta":{"nf_dc_page":"","pagelayer_contact_templates":[],"_pagelayer_content":"","footnotes":""},"class_list":["post-1833","page","type-page","status-publish","hentry"],"_links":{"self":[{"href":"https:\/\/truglobia.com\/es\/wp-json\/wp\/v2\/pages\/1833","targetHints":{"allow":["GET"]}}],"collection":[{"href":"https:\/\/truglobia.com\/es\/wp-json\/wp\/v2\/pages"}],"about":[{"href":"https:\/\/truglobia.com\/es\/wp-json\/wp\/v2\/types\/page"}],"author":[{"embeddable":true,"href":"https:\/\/truglobia.com\/es\/wp-json\/wp\/v2\/users\/2"}],"replies":[{"embeddable":true,"href":"https:\/\/truglobia.com\/es\/wp-json\/wp\/v2\/comments?post=1833"}],"version-history":[{"count":7,"href":"https:\/\/truglobia.com\/es\/wp-json\/wp\/v2\/pages\/1833\/revisions"}],"predecessor-version":[{"id":2074,"href":"https:\/\/truglobia.com\/es\/wp-json\/wp\/v2\/pages\/1833\/revisions\/2074"}],"up":[{"embeddable":true,"href":"https:\/\/truglobia.com\/es\/wp-json\/wp\/v2\/pages\/1803"}],"wp:attachment":[{"href":"https:\/\/truglobia.com\/es\/wp-json\/wp\/v2\/media?parent=1833"}],"curies":[{"name":"wp","href":"https:\/\/api.w.org\/{rel}","templated":true}]}}