{"id":1809,"date":"2025-05-30T22:09:00","date_gmt":"2025-05-30T22:09:00","guid":{"rendered":"https:\/\/truglobia.com\/?page_id=1809"},"modified":"2025-06-02T04:34:49","modified_gmt":"2025-06-02T04:34:49","slug":"ajuste-de-estatus","status":"publish","type":"page","link":"https:\/\/truglobia.com\/es\/servicios-de-migracion\/ajuste-de-estatus\/","title":{"rendered":"Ajuste de Estatus"},"content":{"rendered":"\t\t<div data-elementor-type=\"wp-page\" data-elementor-id=\"1809\" class=\"elementor elementor-1809\">\n\t\t\t\t\t\t<section class=\"elementor-section elementor-top-section elementor-element elementor-element-ba69c7a elementor-section-boxed elementor-section-height-default elementor-section-height-default\" data-id=\"ba69c7a\" data-element_type=\"section\" data-e-type=\"section\">\n\t\t\t\t\t\t<div class=\"elementor-container elementor-column-gap-default\">\n\t\t\t\t\t<div class=\"elementor-column elementor-col-50 elementor-top-column elementor-element elementor-element-dd98849\" data-id=\"dd98849\" data-element_type=\"column\" data-e-type=\"column\">\n\t\t\t<div class=\"elementor-widget-wrap elementor-element-populated\">\n\t\t\t\t\t\t<div class=\"elementor-element elementor-element-284534a elementor-widget elementor-widget-image\" data-id=\"284534a\" data-element_type=\"widget\" data-e-type=\"widget\" data-widget_type=\"image.default\">\n\t\t\t\t<div class=\"elementor-widget-container\">\n\t\t\t\t\t\t\t\t\t\t\t\t\t\t\t<img loading=\"lazy\" decoding=\"async\" loading=\"lazy\" width=\"900\" height=\"600\" src=\"https:\/\/truglobia.com\/es\/wp-content\/uploads\/2025\/06\/immigration-law-services-pic-17-1024x683.jpg\" class=\"attachment-large size-large wp-image-2008\" alt=\"\" srcset=\"https:\/\/truglobia.com\/es\/wp-content\/uploads\/2025\/06\/immigration-law-services-pic-17-1024x683.jpg 1024w, https:\/\/truglobia.com\/es\/wp-content\/uploads\/2025\/06\/immigration-law-services-pic-17-768x512.jpg 768w, https:\/\/truglobia.com\/es\/wp-content\/uploads\/2025\/06\/immigration-law-services-pic-17-600x400.jpg 600w, https:\/\/truglobia.com\/es\/wp-content\/uploads\/2025\/06\/immigration-law-services-pic-17.jpg 1200w\" sizes=\"auto, (max-width: 900px) 100vw, 900px\" \/>\t\t\t\t\t\t\t\t\t\t\t\t\t\t\t<\/div>\n\t\t\t\t<\/div>\n\t\t\t\t\t<\/div>\n\t\t<\/div>\n\t\t\t\t<div class=\"elementor-column elementor-col-50 elementor-top-column elementor-element elementor-element-6700829\" data-id=\"6700829\" data-element_type=\"column\" data-e-type=\"column\">\n\t\t\t<div class=\"elementor-widget-wrap elementor-element-populated\">\n\t\t\t\t\t\t<div class=\"elementor-element elementor-element-fc4596e elementor-widget elementor-widget-text-editor\" data-id=\"fc4596e\" data-element_type=\"widget\" data-e-type=\"widget\" data-widget_type=\"text-editor.default\">\n\t\t\t\t<div class=\"elementor-widget-container\">\n\t\t\t\t\t\t\t\t\t<p>El Ajuste de Estatus es un proceso legal fundamental que permite a individuos elegibles, ya presentes en los Estados Unidos, solicitar la residencia permanente legal, com\u00fanmente conocida como &#8220;green card&#8221;, sin la necesidad de salir del pa\u00eds. Este servicio integral se enfoca en guiar a los clientes a trav\u00e9s de cada etapa del proceso, asegurando una comprensi\u00f3n clara de los requisitos de elegibilidad. Se brinda asistencia exhaustiva en la recopilaci\u00f3n de toda la evidencia necesaria para respaldar la solicitud, y se hace un seguimiento riguroso para cumplir con todos los plazos de presentaci\u00f3n establecidos, lo que es crucial para evitar retrasos o rechazos.<\/p>\t\t\t\t\t\t\t\t<\/div>\n\t\t\t\t<\/div>\n\t\t\t\t\t<\/div>\n\t\t<\/div>\n\t\t\t\t\t<\/div>\n\t\t<\/section>\n\t\t\t\t<\/div>\n\t\t","protected":false},"excerpt":{"rendered":"<p>El Ajuste de Estatus es un proceso legal fundamental que permite a individuos elegibles, ya presentes en los Estados Unidos, solicitar la residencia permanente legal, com\u00fanmente conocida como &#8220;green card&#8221;, [&hellip;]<\/p>\n","protected":false},"author":2,"featured_media":0,"parent":1803,"menu_order":0,"comment_status":"closed","ping_status":"closed","template":"","meta":{"nf_dc_page":"","pagelayer_contact_templates":[],"_pagelayer_content":"","footnotes":""},"class_list":["post-1809","page","type-page","status-publish","hentry"],"_links":{"self":[{"href":"https:\/\/truglobia.com\/es\/wp-json\/wp\/v2\/pages\/1809","targetHints":{"allow":["GET"]}}],"collection":[{"href":"https:\/\/truglobia.com\/es\/wp-json\/wp\/v2\/pages"}],"about":[{"href":"https:\/\/truglobia.com\/es\/wp-json\/wp\/v2\/types\/page"}],"author":[{"embeddable":true,"href":"https:\/\/truglobia.com\/es\/wp-json\/wp\/v2\/users\/2"}],"replies":[{"embeddable":true,"href":"https:\/\/truglobia.com\/es\/wp-json\/wp\/v2\/comments?post=1809"}],"version-history":[{"count":7,"href":"https:\/\/truglobia.com\/es\/wp-json\/wp\/v2\/pages\/1809\/revisions"}],"predecessor-version":[{"id":2011,"href":"https:\/\/truglobia.com\/es\/wp-json\/wp\/v2\/pages\/1809\/revisions\/2011"}],"up":[{"embeddable":true,"href":"https:\/\/truglobia.com\/es\/wp-json\/wp\/v2\/pages\/1803"}],"wp:attachment":[{"href":"https:\/\/truglobia.com\/es\/wp-json\/wp\/v2\/media?parent=1809"}],"curies":[{"name":"wp","href":"https:\/\/api.w.org\/{rel}","templated":true}]}}