{"id":161,"date":"2020-12-11T07:04:11","date_gmt":"2020-12-11T07:04:11","guid":{"rendered":"https:\/\/gaviaspreview.com\/wp\/conult\/?post_type=footer&#038;p=161"},"modified":"2025-10-16T19:16:58","modified_gmt":"2025-10-16T19:16:58","slug":"services","status":"publish","type":"page","link":"https:\/\/truglobia.com\/es\/services\/","title":{"rendered":"Servicios"},"content":{"rendered":"\t\t<div data-elementor-type=\"wp-post\" data-elementor-id=\"161\" class=\"elementor elementor-161\">\n\t\t\t\t\t\t<section class=\"elementor-section elementor-top-section elementor-element elementor-element-052027f elementor-section-boxed elementor-section-height-default elementor-section-height-default\" data-id=\"052027f\" data-element_type=\"section\" data-e-type=\"section\" data-settings=\"{&quot;background_background&quot;:&quot;slideshow&quot;,&quot;background_slideshow_gallery&quot;:[{&quot;id&quot;:1203,&quot;url&quot;:&quot;https:\\\/\\\/gaviaspreview.com\\\/wp\\\/conult\\\/wp-content\\\/uploads\\\/2021\\\/12\\\/bg-9.jpg&quot;},{&quot;id&quot;:1008,&quot;url&quot;:&quot;https:\\\/\\\/gaviaspreview.com\\\/wp\\\/conult\\\/wp-content\\\/uploads\\\/2021\\\/10\\\/breadcrumb.jpg&quot;}],&quot;background_slideshow_ken_burns&quot;:&quot;yes&quot;,&quot;background_slideshow_loop&quot;:&quot;yes&quot;,&quot;background_slideshow_slide_duration&quot;:5000,&quot;background_slideshow_slide_transition&quot;:&quot;fade&quot;,&quot;background_slideshow_transition_duration&quot;:500,&quot;background_slideshow_ken_burns_zoom_direction&quot;:&quot;in&quot;}\">\n\t\t\t\t\t\t<div class=\"elementor-container elementor-column-gap-default\">\n\t\t\t\t\t<div class=\"elementor-column elementor-col-100 elementor-top-column elementor-element elementor-element-b59d27b\" data-id=\"b59d27b\" data-element_type=\"column\" data-e-type=\"column\">\n\t\t\t<div class=\"elementor-widget-wrap elementor-element-populated\">\n\t\t\t\t\t\t<div class=\"elementor-element elementor-element-e157c6a elementor-widget elementor-widget-gva-heading-block\" data-id=\"e157c6a\" data-element_type=\"widget\" data-e-type=\"widget\" data-widget_type=\"gva-heading-block.default\">\n\t\t\t\t<div class=\"elementor-widget-container\">\n\t\t\t\t\t<div class=\"gva-element-gva-heading-block gva-element\">   <div class=\"align-center style-1 widget gsc-heading box-align-left auto-responsive\">\r\n      <div class=\"content-inner\">\r\n         \r\n         \r\n         \r\n           \r\n         \r\n                     <h2 class=\"title\">\r\n               <span>Nuestros servicios<\/span>\r\n            <\/h2>\r\n                  \r\n         \r\n      <\/div>\r\n   <\/div>\r\n<\/div>\t\t\t\t<\/div>\n\t\t\t\t<\/div>\n\t\t\t\t\t<\/div>\n\t\t<\/div>\n\t\t\t\t\t<\/div>\n\t\t<\/section>\n\t\t\t\t<section class=\"elementor-section elementor-top-section elementor-element elementor-element-d8dd037 elementor-section-boxed elementor-section-height-default elementor-section-height-default\" data-id=\"d8dd037\" data-element_type=\"section\" data-e-type=\"section\">\n\t\t\t\t\t\t<div class=\"elementor-container elementor-column-gap-default\">\n\t\t\t\t\t<div class=\"elementor-column elementor-col-66 elementor-top-column elementor-element elementor-element-c1246d2\" data-id=\"c1246d2\" data-element_type=\"column\" data-e-type=\"column\">\n\t\t\t<div class=\"elementor-widget-wrap elementor-element-populated\">\n\t\t\t\t\t\t<div class=\"elementor-element elementor-element-60c72ad elementor-widget elementor-widget-heading\" data-id=\"60c72ad\" data-element_type=\"widget\" data-e-type=\"widget\" data-widget_type=\"heading.default\">\n\t\t\t\t<div class=\"elementor-widget-container\">\n\t\t\t\t\t<h2 class=\"elementor-heading-title elementor-size-default\">Nuestros Servicios en Truglobia.com: \nSu Socio Confiable para el \u00c9xito y la Tranquilidad<\/h2>\t\t\t\t<\/div>\n\t\t\t\t<\/div>\n\t\t\t\t<div class=\"elementor-element elementor-element-a68d53a elementor-widget elementor-widget-text-editor\" data-id=\"a68d53a\" data-element_type=\"widget\" data-e-type=\"widget\" data-widget_type=\"text-editor.default\">\n\t\t\t\t<div class=\"elementor-widget-container\">\n\t\t\t\t\t\t\t\t\t<p>En Truglobia.com, entendemos que tanto los emprendedores como las personas enfrentan un sinf\u00edn de desaf\u00edos administrativos y legales en el camino hacia sus metas.<\/p><p>Es por eso que hemos dise\u00f1ado un portafolio integral de servicios para simplificar su vida, asegurando que sus tr\u00e1mites est\u00e9n en regla, sus negocios crezcan y sus preocupaciones se minimicen.<\/p><p>Contamos con un equipo de expertos dedicados a brindarle asesor\u00eda personalizada y soluciones eficientes, permiti\u00e9ndole enfocarse en lo que realmente importa.<\/p>\t\t\t\t\t\t\t\t<\/div>\n\t\t\t\t<\/div>\n\t\t\t\t\t<\/div>\n\t\t<\/div>\n\t\t\t\t<div class=\"elementor-column elementor-col-33 elementor-top-column elementor-element elementor-element-4f7b0ab\" data-id=\"4f7b0ab\" data-element_type=\"column\" data-e-type=\"column\">\n\t\t\t<div class=\"elementor-widget-wrap elementor-element-populated\">\n\t\t\t\t\t\t<div class=\"elementor-element elementor-element-2216a36 elementor-widget elementor-widget-image\" data-id=\"2216a36\" data-element_type=\"widget\" data-e-type=\"widget\" data-widget_type=\"image.default\">\n\t\t\t\t<div class=\"elementor-widget-container\">\n\t\t\t\t\t\t\t\t\t\t\t\t\t\t\t<img loading=\"lazy\" decoding=\"async\" loading=\"lazy\" width=\"280\" height=\"62\" src=\"https:\/\/truglobia.com\/es\/wp-content\/uploads\/2021\/08\/TruGlobia-logo-02.png\" class=\"attachment-large size-large wp-image-1622\" alt=\"Nuestra misi\u00f3n: Ayudar en la preparaci\u00f3n de documentos para servicios de migraci\u00f3n.\" \/>\t\t\t\t\t\t\t\t\t\t\t\t\t\t\t<\/div>\n\t\t\t\t<\/div>\n\t\t\t\t\t<\/div>\n\t\t<\/div>\n\t\t\t\t\t<\/div>\n\t\t<\/section>\n\t\t\t\t<section class=\"elementor-section elementor-top-section elementor-element elementor-element-62f86bf elementor-section-boxed elementor-section-height-default elementor-section-height-default\" data-id=\"62f86bf\" data-element_type=\"section\" data-e-type=\"section\">\n\t\t\t\t\t\t<div class=\"elementor-container elementor-column-gap-default\">\n\t\t\t\t\t<div class=\"elementor-column elementor-col-33 elementor-top-column elementor-element elementor-element-48ed0cf\" data-id=\"48ed0cf\" data-element_type=\"column\" data-e-type=\"column\">\n\t\t\t<div class=\"elementor-widget-wrap elementor-element-populated\">\n\t\t\t\t\t\t<div class=\"elementor-element elementor-element-ce7f6ea elementor-position-top elementor-widget elementor-widget-image-box\" data-id=\"ce7f6ea\" data-element_type=\"widget\" data-e-type=\"widget\" data-widget_type=\"image-box.default\">\n\t\t\t\t<div class=\"elementor-widget-container\">\n\t\t\t\t\t<div class=\"elementor-image-box-wrapper\"><figure class=\"elementor-image-box-img\"><a href=\"https:\/\/truglobia.com\/es\/services\/servicios-de-incorporacion-para-residentes-y-no-residentes\/\" tabindex=\"-1\"><img loading=\"lazy\" decoding=\"async\" loading=\"lazy\" width=\"900\" height=\"600\" src=\"https:\/\/truglobia.com\/es\/wp-content\/uploads\/2025\/06\/immigration-law-services-pic-17-1024x683.jpg\" class=\"attachment-large size-large wp-image-2008\" alt=\"\" srcset=\"https:\/\/truglobia.com\/es\/wp-content\/uploads\/2025\/06\/immigration-law-services-pic-17-1024x683.jpg 1024w, https:\/\/truglobia.com\/es\/wp-content\/uploads\/2025\/06\/immigration-law-services-pic-17-768x512.jpg 768w, https:\/\/truglobia.com\/es\/wp-content\/uploads\/2025\/06\/immigration-law-services-pic-17-600x400.jpg 600w, https:\/\/truglobia.com\/es\/wp-content\/uploads\/2025\/06\/immigration-law-services-pic-17.jpg 1200w\" sizes=\"auto, (max-width: 900px) 100vw, 900px\" \/><\/a><\/figure><div class=\"elementor-image-box-content\"><h3 class=\"elementor-image-box-title\"><a href=\"https:\/\/truglobia.com\/es\/services\/servicios-de-incorporacion-para-residentes-y-no-residentes\/\">Servicios de Incorporaci\u00f3n para Residentes y no Residentes<\/a><\/h3><\/div><\/div>\t\t\t\t<\/div>\n\t\t\t\t<\/div>\n\t\t\t\t\t<\/div>\n\t\t<\/div>\n\t\t\t\t<div class=\"elementor-column elementor-col-33 elementor-top-column elementor-element elementor-element-fe0f57c\" data-id=\"fe0f57c\" data-element_type=\"column\" data-e-type=\"column\">\n\t\t\t<div class=\"elementor-widget-wrap elementor-element-populated\">\n\t\t\t\t\t\t<div class=\"elementor-element elementor-element-6b0d345 elementor-position-top elementor-widget elementor-widget-image-box\" data-id=\"6b0d345\" data-element_type=\"widget\" data-e-type=\"widget\" data-widget_type=\"image-box.default\">\n\t\t\t\t<div class=\"elementor-widget-container\">\n\t\t\t\t\t<div class=\"elementor-image-box-wrapper\"><figure class=\"elementor-image-box-img\"><a href=\"https:\/\/truglobia.com\/es\/services\/sole-proprietors-llcs-y-corporaciones\/\" tabindex=\"-1\"><img loading=\"lazy\" decoding=\"async\" loading=\"lazy\" width=\"900\" height=\"600\" src=\"https:\/\/truglobia.com\/es\/wp-content\/uploads\/2025\/06\/immigration-law-services-pic-22-1024x683.jpg\" class=\"attachment-large size-large wp-image-2040\" alt=\"\" srcset=\"https:\/\/truglobia.com\/es\/wp-content\/uploads\/2025\/06\/immigration-law-services-pic-22-1024x683.jpg 1024w, https:\/\/truglobia.com\/es\/wp-content\/uploads\/2025\/06\/immigration-law-services-pic-22-768x512.jpg 768w, https:\/\/truglobia.com\/es\/wp-content\/uploads\/2025\/06\/immigration-law-services-pic-22-600x400.jpg 600w, https:\/\/truglobia.com\/es\/wp-content\/uploads\/2025\/06\/immigration-law-services-pic-22.jpg 1200w\" sizes=\"auto, (max-width: 900px) 100vw, 900px\" \/><\/a><\/figure><div class=\"elementor-image-box-content\"><h3 class=\"elementor-image-box-title\"><a href=\"https:\/\/truglobia.com\/es\/services\/sole-proprietors-llcs-y-corporaciones\/\">Sole proprietor\u2019s, LLC\u2019s y Corporaciones<\/a><\/h3><\/div><\/div>\t\t\t\t<\/div>\n\t\t\t\t<\/div>\n\t\t\t\t\t<\/div>\n\t\t<\/div>\n\t\t\t\t<div class=\"elementor-column elementor-col-33 elementor-top-column elementor-element elementor-element-17ebc1d\" data-id=\"17ebc1d\" data-element_type=\"column\" data-e-type=\"column\">\n\t\t\t<div class=\"elementor-widget-wrap elementor-element-populated\">\n\t\t\t\t\t\t<div class=\"elementor-element elementor-element-8e58215 elementor-position-top elementor-widget elementor-widget-image-box\" data-id=\"8e58215\" data-element_type=\"widget\" data-e-type=\"widget\" data-widget_type=\"image-box.default\">\n\t\t\t\t<div class=\"elementor-widget-container\">\n\t\t\t\t\t<div class=\"elementor-image-box-wrapper\"><figure class=\"elementor-image-box-img\"><a href=\"https:\/\/truglobia.com\/es\/services\/declaracion-de-impuestos-personales\/\" tabindex=\"-1\"><img loading=\"lazy\" decoding=\"async\" loading=\"lazy\" width=\"900\" height=\"600\" src=\"https:\/\/truglobia.com\/es\/wp-content\/uploads\/2025\/06\/immigration-law-services-pic-26-1024x683.jpg\" class=\"attachment-large size-large wp-image-2059\" alt=\"\" srcset=\"https:\/\/truglobia.com\/es\/wp-content\/uploads\/2025\/06\/immigration-law-services-pic-26-1024x683.jpg 1024w, https:\/\/truglobia.com\/es\/wp-content\/uploads\/2025\/06\/immigration-law-services-pic-26-768x512.jpg 768w, https:\/\/truglobia.com\/es\/wp-content\/uploads\/2025\/06\/immigration-law-services-pic-26-600x400.jpg 600w, https:\/\/truglobia.com\/es\/wp-content\/uploads\/2025\/06\/immigration-law-services-pic-26.jpg 1200w\" sizes=\"auto, (max-width: 900px) 100vw, 900px\" \/><\/a><\/figure><div class=\"elementor-image-box-content\"><h3 class=\"elementor-image-box-title\"><a href=\"https:\/\/truglobia.com\/es\/services\/declaracion-de-impuestos-personales\/\">Declaraci\u00f3n de Impuestos Personales<\/a><\/h3><\/div><\/div>\t\t\t\t<\/div>\n\t\t\t\t<\/div>\n\t\t\t\t\t<\/div>\n\t\t<\/div>\n\t\t\t\t\t<\/div>\n\t\t<\/section>\n\t\t\t\t<section class=\"elementor-section elementor-top-section elementor-element elementor-element-45dd094 elementor-section-boxed elementor-section-height-default elementor-section-height-default\" data-id=\"45dd094\" data-element_type=\"section\" data-e-type=\"section\">\n\t\t\t\t\t\t<div class=\"elementor-container elementor-column-gap-default\">\n\t\t\t\t\t<div class=\"elementor-column elementor-col-33 elementor-top-column elementor-element elementor-element-f774356\" data-id=\"f774356\" data-element_type=\"column\" data-e-type=\"column\">\n\t\t\t<div class=\"elementor-widget-wrap elementor-element-populated\">\n\t\t\t\t\t\t<div class=\"elementor-element elementor-element-f844209 elementor-position-top elementor-widget elementor-widget-image-box\" data-id=\"f844209\" data-element_type=\"widget\" data-e-type=\"widget\" data-widget_type=\"image-box.default\">\n\t\t\t\t<div class=\"elementor-widget-container\">\n\t\t\t\t\t<div class=\"elementor-image-box-wrapper\"><figure class=\"elementor-image-box-img\"><a href=\"https:\/\/truglobia.com\/es\/services\/licencias-para-negocios\/\" tabindex=\"-1\"><img loading=\"lazy\" decoding=\"async\" loading=\"lazy\" width=\"900\" height=\"600\" src=\"https:\/\/truglobia.com\/es\/wp-content\/uploads\/2025\/06\/immigration-law-services-pic-27-1024x683.jpg\" class=\"attachment-large size-large wp-image-2063\" alt=\"\" srcset=\"https:\/\/truglobia.com\/es\/wp-content\/uploads\/2025\/06\/immigration-law-services-pic-27-1024x683.jpg 1024w, https:\/\/truglobia.com\/es\/wp-content\/uploads\/2025\/06\/immigration-law-services-pic-27-768x512.jpg 768w, https:\/\/truglobia.com\/es\/wp-content\/uploads\/2025\/06\/immigration-law-services-pic-27-600x400.jpg 600w, https:\/\/truglobia.com\/es\/wp-content\/uploads\/2025\/06\/immigration-law-services-pic-27.jpg 1200w\" sizes=\"auto, (max-width: 900px) 100vw, 900px\" \/><\/a><\/figure><div class=\"elementor-image-box-content\"><h3 class=\"elementor-image-box-title\"><a href=\"https:\/\/truglobia.com\/es\/services\/licencias-para-negocios\/\">Licencias para Negocios<\/a><\/h3><\/div><\/div>\t\t\t\t<\/div>\n\t\t\t\t<\/div>\n\t\t\t\t\t<\/div>\n\t\t<\/div>\n\t\t\t\t<div class=\"elementor-column elementor-col-33 elementor-top-column elementor-element elementor-element-94eeb93\" data-id=\"94eeb93\" data-element_type=\"column\" data-e-type=\"column\">\n\t\t\t<div class=\"elementor-widget-wrap elementor-element-populated\">\n\t\t\t\t\t\t<div class=\"elementor-element elementor-element-0fc562c elementor-position-top elementor-widget elementor-widget-image-box\" data-id=\"0fc562c\" data-element_type=\"widget\" data-e-type=\"widget\" data-widget_type=\"image-box.default\">\n\t\t\t\t<div class=\"elementor-widget-container\">\n\t\t\t\t\t<div class=\"elementor-image-box-wrapper\"><figure class=\"elementor-image-box-img\"><a href=\"https:\/\/truglobia.com\/es\/services\/tramites-de-numeros-itin\/\" tabindex=\"-1\"><img loading=\"lazy\" decoding=\"async\" loading=\"lazy\" width=\"900\" height=\"600\" src=\"https:\/\/truglobia.com\/es\/wp-content\/uploads\/2025\/06\/immigration-law-services-pic-18-1024x683.jpg\" class=\"attachment-large size-large wp-image-2015\" alt=\"\" srcset=\"https:\/\/truglobia.com\/es\/wp-content\/uploads\/2025\/06\/immigration-law-services-pic-18-1024x683.jpg 1024w, https:\/\/truglobia.com\/es\/wp-content\/uploads\/2025\/06\/immigration-law-services-pic-18-768x512.jpg 768w, https:\/\/truglobia.com\/es\/wp-content\/uploads\/2025\/06\/immigration-law-services-pic-18-600x400.jpg 600w, https:\/\/truglobia.com\/es\/wp-content\/uploads\/2025\/06\/immigration-law-services-pic-18.jpg 1200w\" sizes=\"auto, (max-width: 900px) 100vw, 900px\" \/><\/a><\/figure><div class=\"elementor-image-box-content\"><h3 class=\"elementor-image-box-title\"><a href=\"https:\/\/truglobia.com\/es\/services\/tramites-de-numeros-itin\/\">Tr\u00e1mites de N\u00fameros ITIN<\/a><\/h3><\/div><\/div>\t\t\t\t<\/div>\n\t\t\t\t<\/div>\n\t\t\t\t\t<\/div>\n\t\t<\/div>\n\t\t\t\t<div class=\"elementor-column elementor-col-33 elementor-top-column elementor-element elementor-element-556bc59\" data-id=\"556bc59\" data-element_type=\"column\" data-e-type=\"column\">\n\t\t\t<div class=\"elementor-widget-wrap elementor-element-populated\">\n\t\t\t\t\t\t<div class=\"elementor-element elementor-element-5b890b0 elementor-position-top elementor-widget elementor-widget-image-box\" data-id=\"5b890b0\" data-element_type=\"widget\" data-e-type=\"widget\" data-widget_type=\"image-box.default\">\n\t\t\t\t<div class=\"elementor-widget-container\">\n\t\t\t\t\t<div class=\"elementor-image-box-wrapper\"><figure class=\"elementor-image-box-img\"><a href=\"https:\/\/truglobia.com\/es\/services\/antecedentes-penales\/\" tabindex=\"-1\"><img loading=\"lazy\" decoding=\"async\" loading=\"lazy\" width=\"900\" height=\"600\" src=\"https:\/\/truglobia.com\/es\/wp-content\/uploads\/2025\/06\/immigration-law-services-pic-28-1024x683.jpg\" class=\"attachment-large size-large wp-image-2067\" alt=\"\" srcset=\"https:\/\/truglobia.com\/es\/wp-content\/uploads\/2025\/06\/immigration-law-services-pic-28-1024x683.jpg 1024w, https:\/\/truglobia.com\/es\/wp-content\/uploads\/2025\/06\/immigration-law-services-pic-28-768x512.jpg 768w, https:\/\/truglobia.com\/es\/wp-content\/uploads\/2025\/06\/immigration-law-services-pic-28-600x400.jpg 600w, https:\/\/truglobia.com\/es\/wp-content\/uploads\/2025\/06\/immigration-law-services-pic-28.jpg 1200w\" sizes=\"auto, (max-width: 900px) 100vw, 900px\" \/><\/a><\/figure><div class=\"elementor-image-box-content\"><h3 class=\"elementor-image-box-title\"><a href=\"https:\/\/truglobia.com\/es\/services\/antecedentes-penales\/\">Antecedentes penales<\/a><\/h3><\/div><\/div>\t\t\t\t<\/div>\n\t\t\t\t<\/div>\n\t\t\t\t\t<\/div>\n\t\t<\/div>\n\t\t\t\t\t<\/div>\n\t\t<\/section>\n\t\t\t\t<section class=\"elementor-section elementor-top-section elementor-element elementor-element-384f0a5 elementor-section-boxed elementor-section-height-default elementor-section-height-default\" data-id=\"384f0a5\" data-element_type=\"section\" data-e-type=\"section\">\n\t\t\t\t\t\t<div class=\"elementor-container elementor-column-gap-default\">\n\t\t\t\t\t<div class=\"elementor-column elementor-col-33 elementor-top-column elementor-element elementor-element-3f9a5de\" data-id=\"3f9a5de\" data-element_type=\"column\" data-e-type=\"column\">\n\t\t\t<div class=\"elementor-widget-wrap elementor-element-populated\">\n\t\t\t\t\t\t<div class=\"elementor-element elementor-element-be32697 elementor-position-top elementor-widget elementor-widget-image-box\" data-id=\"be32697\" data-element_type=\"widget\" data-e-type=\"widget\" data-widget_type=\"image-box.default\">\n\t\t\t\t<div class=\"elementor-widget-container\">\n\t\t\t\t\t<div class=\"elementor-image-box-wrapper\"><figure class=\"elementor-image-box-img\"><a href=\"https:\/\/truglobia.com\/es\/services\/sentri-y-global-entry\/\" tabindex=\"-1\"><img loading=\"lazy\" decoding=\"async\" loading=\"lazy\" width=\"900\" height=\"600\" src=\"https:\/\/truglobia.com\/es\/wp-content\/uploads\/2025\/06\/immigration-law-services-pic-28-1024x683.jpg\" class=\"attachment-large size-large wp-image-2067\" alt=\"\" srcset=\"https:\/\/truglobia.com\/es\/wp-content\/uploads\/2025\/06\/immigration-law-services-pic-28-1024x683.jpg 1024w, https:\/\/truglobia.com\/es\/wp-content\/uploads\/2025\/06\/immigration-law-services-pic-28-768x512.jpg 768w, https:\/\/truglobia.com\/es\/wp-content\/uploads\/2025\/06\/immigration-law-services-pic-28-600x400.jpg 600w, https:\/\/truglobia.com\/es\/wp-content\/uploads\/2025\/06\/immigration-law-services-pic-28.jpg 1200w\" sizes=\"auto, (max-width: 900px) 100vw, 900px\" \/><\/a><\/figure><div class=\"elementor-image-box-content\"><h3 class=\"elementor-image-box-title\"><a href=\"https:\/\/truglobia.com\/es\/services\/sentri-y-global-entry\/\">SENTRI y Global Entry<\/a><\/h3><\/div><\/div>\t\t\t\t<\/div>\n\t\t\t\t<\/div>\n\t\t\t\t\t<\/div>\n\t\t<\/div>\n\t\t\t\t<div class=\"elementor-column elementor-col-33 elementor-top-column elementor-element elementor-element-abfe0e5\" data-id=\"abfe0e5\" data-element_type=\"column\" data-e-type=\"column\">\n\t\t\t<div class=\"elementor-widget-wrap elementor-element-populated\">\n\t\t\t\t\t\t<div class=\"elementor-element elementor-element-a9f6873 elementor-position-top elementor-widget elementor-widget-image-box\" data-id=\"a9f6873\" data-element_type=\"widget\" data-e-type=\"widget\" data-widget_type=\"image-box.default\">\n\t\t\t\t<div class=\"elementor-widget-container\">\n\t\t\t\t\t<div class=\"elementor-image-box-wrapper\"><figure class=\"elementor-image-box-img\"><a href=\"https:\/\/truglobia.com\/es\/services\/servicios-de-la-ley-de-libertad-de-informacion\/\" tabindex=\"-1\"><img loading=\"lazy\" decoding=\"async\" loading=\"lazy\" width=\"600\" height=\"400\" src=\"https:\/\/truglobia.com\/es\/wp-content\/uploads\/2025\/06\/immigration-law-services-pic-33.jpg\" class=\"attachment-large size-large wp-image-2171\" alt=\"\" \/><\/a><\/figure><div class=\"elementor-image-box-content\"><h3 class=\"elementor-image-box-title\"><a href=\"https:\/\/truglobia.com\/es\/services\/servicios-de-la-ley-de-libertad-de-informacion\/\">Servicios de la Ley de Libertad de Informaci\u00f3n (FOIA)<\/a><\/h3><\/div><\/div>\t\t\t\t<\/div>\n\t\t\t\t<\/div>\n\t\t\t\t\t<\/div>\n\t\t<\/div>\n\t\t\t\t<div class=\"elementor-column elementor-col-33 elementor-top-column elementor-element elementor-element-dcb8b51\" data-id=\"dcb8b51\" data-element_type=\"column\" data-e-type=\"column\">\n\t\t\t<div class=\"elementor-widget-wrap elementor-element-populated\">\n\t\t\t\t\t\t<div class=\"elementor-element elementor-element-b231eb9 elementor-position-top elementor-widget elementor-widget-image-box\" data-id=\"b231eb9\" data-element_type=\"widget\" data-e-type=\"widget\" data-widget_type=\"image-box.default\">\n\t\t\t\t<div class=\"elementor-widget-container\">\n\t\t\t\t\t<div class=\"elementor-image-box-wrapper\"><figure class=\"elementor-image-box-img\"><a href=\"https:\/\/truglobia.com\/es\/services\/servicios-de-traduccion\/\" tabindex=\"-1\"><img loading=\"lazy\" decoding=\"async\" loading=\"lazy\" width=\"600\" height=\"400\" src=\"https:\/\/truglobia.com\/es\/wp-content\/uploads\/2025\/06\/immigration-law-services-pic-34.jpg\" class=\"attachment-large size-large wp-image-2170\" alt=\"\" \/><\/a><\/figure><div class=\"elementor-image-box-content\"><h3 class=\"elementor-image-box-title\"><a href=\"https:\/\/truglobia.com\/es\/services\/servicios-de-traduccion\/\">Servicios de Traducci\u00f3n<\/a><\/h3><\/div><\/div>\t\t\t\t<\/div>\n\t\t\t\t<\/div>\n\t\t\t\t\t<\/div>\n\t\t<\/div>\n\t\t\t\t\t<\/div>\n\t\t<\/section>\n\t\t\t\t<section class=\"elementor-section elementor-top-section elementor-element elementor-element-2e2004b elementor-section-boxed elementor-section-height-default elementor-section-height-default\" data-id=\"2e2004b\" data-element_type=\"section\" data-e-type=\"section\">\n\t\t\t\t\t\t<div class=\"elementor-container elementor-column-gap-default\">\n\t\t\t\t\t<div class=\"elementor-column elementor-col-100 elementor-top-column elementor-element elementor-element-f6ddc47\" data-id=\"f6ddc47\" data-element_type=\"column\" data-e-type=\"column\">\n\t\t\t<div class=\"elementor-widget-wrap elementor-element-populated\">\n\t\t\t\t\t\t<div class=\"elementor-element elementor-element-c2082e3 elementor-widget elementor-widget-text-editor\" data-id=\"c2082e3\" data-element_type=\"widget\" data-e-type=\"widget\" data-widget_type=\"text-editor.default\">\n\t\t\t\t<div class=\"elementor-widget-container\">\n\t\t\t\t\t\t\t\t\t<p>Asistencia para la Solicitud de ITIN:<\/p><p>Para quienes necesitan declarar impuestos en EE. UU. y no son elegibles para obtener un N\u00famero de Seguro Social (SSN), obtener o renovar un N\u00famero de Identificaci\u00f3n Personal del Contribuyente (ITIN) es esencial.<\/p><p>Este proceso con el IRS requiere atenci\u00f3n al detalle y documentaci\u00f3n espec\u00edfica.<\/p><p>En Truglobia, le ofrecemos nuestra asesor\u00eda experta y personalizada para simplificar su solicitud de ITIN.<\/p><p>Le asistimos en la correcta preparaci\u00f3n del *Formulario W-7 y en la recopilaci\u00f3n de los documentos necesarios, asegurando un proceso claro y eficiente.<\/p><hr \/><h3 style=\"text-align: center;\">Estamos certificados por el IRS como agentes autorizados, lo que significa que el IRS autoriza a Truglobia para validar documentos sin necesidad de enviar los originales.<\/h3><p>Conf\u00ede en nuestro apoyo profesional para gestionar correctamente su ITIN, facilitando el cumplimiento de sus obligaciones fiscales.<\/p>\t\t\t\t\t\t\t\t<\/div>\n\t\t\t\t<\/div>\n\t\t\t\t\t<\/div>\n\t\t<\/div>\n\t\t\t\t\t<\/div>\n\t\t<\/section>\n\t\t\t\t<section class=\"elementor-section elementor-top-section elementor-element elementor-element-849b116 elementor-section-boxed elementor-section-height-default elementor-section-height-default\" data-id=\"849b116\" data-element_type=\"section\" data-e-type=\"section\">\n\t\t\t\t\t\t<div class=\"elementor-container elementor-column-gap-default\">\n\t\t\t\t\t<div class=\"elementor-column elementor-col-100 elementor-top-column elementor-element elementor-element-10d612a\" data-id=\"10d612a\" data-element_type=\"column\" data-e-type=\"column\">\n\t\t\t<div class=\"elementor-widget-wrap elementor-element-populated\">\n\t\t\t\t\t\t<div class=\"elementor-element elementor-element-00b3f6a elementor-widget elementor-widget-image\" data-id=\"00b3f6a\" data-element_type=\"widget\" data-e-type=\"widget\" data-widget_type=\"image.default\">\n\t\t\t\t<div class=\"elementor-widget-container\">\n\t\t\t\t\t\t\t\t\t\t\t\t\t\t\t<img decoding=\"async\" src=\"https:\/\/truglobia.com\/es\/wp-content\/uploads\/elementor\/thumbs\/Certified-r7rey6troeyiwmc8yiaxh3kukju14d7a3as1z3vhoe.png\" title=\"Certified\" alt=\"Certified\" loading=\"lazy\" \/>\t\t\t\t\t\t\t\t\t\t\t\t\t\t\t<\/div>\n\t\t\t\t<\/div>\n\t\t\t\t\t<\/div>\n\t\t<\/div>\n\t\t\t\t\t<\/div>\n\t\t<\/section>\n\t\t\t\t<\/div>\n\t\t","protected":false},"excerpt":{"rendered":"<p>Nuestros servicios Nuestros Servicios en Truglobia.com: Su Socio Confiable para el \u00c9xito y la Tranquilidad En Truglobia.com, entendemos que tanto los emprendedores como las personas enfrentan un sinf\u00edn de desaf\u00edos [&hellip;]<\/p>\n","protected":false},"author":1,"featured_media":0,"parent":0,"menu_order":0,"comment_status":"closed","ping_status":"closed","template":"","meta":{"nf_dc_page":"","pagelayer_contact_templates":[],"_pagelayer_content":"","footnotes":""},"class_list":["post-161","page","type-page","status-publish","hentry"],"_links":{"self":[{"href":"https:\/\/truglobia.com\/es\/wp-json\/wp\/v2\/pages\/161","targetHints":{"allow":["GET"]}}],"collection":[{"href":"https:\/\/truglobia.com\/es\/wp-json\/wp\/v2\/pages"}],"about":[{"href":"https:\/\/truglobia.com\/es\/wp-json\/wp\/v2\/types\/page"}],"author":[{"embeddable":true,"href":"https:\/\/truglobia.com\/es\/wp-json\/wp\/v2\/users\/1"}],"replies":[{"embeddable":true,"href":"https:\/\/truglobia.com\/es\/wp-json\/wp\/v2\/comments?post=161"}],"version-history":[{"count":20,"href":"https:\/\/truglobia.com\/es\/wp-json\/wp\/v2\/pages\/161\/revisions"}],"predecessor-version":[{"id":2323,"href":"https:\/\/truglobia.com\/es\/wp-json\/wp\/v2\/pages\/161\/revisions\/2323"}],"wp:attachment":[{"href":"https:\/\/truglobia.com\/es\/wp-json\/wp\/v2\/media?parent=161"}],"curies":[{"name":"wp","href":"https:\/\/api.w.org\/{rel}","templated":true}]}}