{"id":1522,"date":"2025-04-29T05:43:52","date_gmt":"2025-04-29T05:43:52","guid":{"rendered":"https:\/\/truglobia.com\/?page_id=1522"},"modified":"2025-10-16T19:18:23","modified_gmt":"2025-10-16T19:18:23","slug":"quienes-somos","status":"publish","type":"page","link":"https:\/\/truglobia.com\/es\/quienes-somos\/","title":{"rendered":"\u00bfQui\u00e9nes somos?"},"content":{"rendered":"\t\t<div data-elementor-type=\"wp-page\" data-elementor-id=\"1522\" class=\"elementor elementor-1522\">\n\t\t\t\t\t\t<section class=\"elementor-section elementor-top-section elementor-element elementor-element-a246492 elementor-section-boxed elementor-section-height-default elementor-section-height-default\" data-id=\"a246492\" data-element_type=\"section\" data-e-type=\"section\">\n\t\t\t\t\t\t<div class=\"elementor-container elementor-column-gap-default\">\n\t\t\t\t\t<div class=\"elementor-column elementor-col-66 elementor-top-column elementor-element elementor-element-86d0a3a\" data-id=\"86d0a3a\" data-element_type=\"column\" data-e-type=\"column\">\n\t\t\t<div class=\"elementor-widget-wrap elementor-element-populated\">\n\t\t\t\t\t\t<div class=\"elementor-element elementor-element-ae741be elementor-widget elementor-widget-text-editor\" data-id=\"ae741be\" data-element_type=\"widget\" data-e-type=\"widget\" data-widget_type=\"text-editor.default\">\n\t\t\t\t<div class=\"elementor-widget-container\">\n\t\t\t\t\t\t\t\t\t<p data-sourcepos=\"1:1-1:37\">En TruGlobia, nos dedicamos a brindar consultor\u00eda honesta, profesional y personalizada a individuos y familias que navegan el complejo sistema de inmigraci\u00f3n de EE. UU.<\/p><p data-sourcepos=\"5:1-5:233\">Sabemos que venir a los Estados Unidos \u2014 y trabajar para obtener la residencia legal o la ciudadan\u00eda \u2014 puede ser abrumador. Por eso nuestro equipo est\u00e1 aqu\u00ed: para guiarlo en cada paso del camino con integridad, experiencia y cuidado.<\/p><p data-sourcepos=\"7:1-8:103\">Nuestra misi\u00f3n es simple: Ayudar a personas como usted a alcanzar sus metas de inmigraci\u00f3n con apoyo confiable y servicio fiable.<\/p><p data-sourcepos=\"10:1-10:245\">Somos una peque\u00f1a, apasionada y creciente empresa de consultor\u00eda comprometida con su \u00e9xito. Ya sea que est\u00e9 comenzando su viaje o enfrentando un desaf\u00edo complicado, estamos listos para ayudar a que el proceso sea m\u00e1s fluido, claro y empoderador.<\/p><p data-sourcepos=\"12:1-12:123\">&#8220;Esperamos poder ayudarle en el camino hacia la realizaci\u00f3n de sus sue\u00f1os. No dude en contactarnos \u2014 \u00a1empecemos hoy mismo!&#8221;<\/p>\t\t\t\t\t\t\t\t<\/div>\n\t\t\t\t<\/div>\n\t\t\t\t\t<\/div>\n\t\t<\/div>\n\t\t\t\t<div class=\"elementor-column elementor-col-33 elementor-top-column elementor-element elementor-element-7612d8e\" data-id=\"7612d8e\" data-element_type=\"column\" data-e-type=\"column\">\n\t\t\t<div class=\"elementor-widget-wrap elementor-element-populated\">\n\t\t\t\t\t\t<div class=\"elementor-element elementor-element-eb6bf03 elementor-widget elementor-widget-image\" data-id=\"eb6bf03\" data-element_type=\"widget\" data-e-type=\"widget\" data-widget_type=\"image.default\">\n\t\t\t\t<div class=\"elementor-widget-container\">\n\t\t\t\t\t\t\t\t\t\t\t\t\t\t\t<img loading=\"lazy\" decoding=\"async\" loading=\"lazy\" width=\"800\" height=\"533\" src=\"https:\/\/truglobia.com\/es\/wp-content\/uploads\/2025\/07\/TruGlobia-01.jpg\" class=\"attachment-large size-large wp-image-2248\" alt=\"\" srcset=\"https:\/\/truglobia.com\/es\/wp-content\/uploads\/2025\/07\/TruGlobia-01.jpg 800w, https:\/\/truglobia.com\/es\/wp-content\/uploads\/2025\/07\/TruGlobia-01-768x512.jpg 768w, https:\/\/truglobia.com\/es\/wp-content\/uploads\/2025\/07\/TruGlobia-01-600x400.jpg 600w\" sizes=\"auto, (max-width: 800px) 100vw, 800px\" \/>\t\t\t\t\t\t\t\t\t\t\t\t\t\t\t<\/div>\n\t\t\t\t<\/div>\n\t\t\t\t\t<\/div>\n\t\t<\/div>\n\t\t\t\t\t<\/div>\n\t\t<\/section>\n\t\t\t\t<section class=\"elementor-section elementor-top-section elementor-element elementor-element-2b515c3 elementor-section-boxed elementor-section-height-default elementor-section-height-default\" data-id=\"2b515c3\" data-element_type=\"section\" data-e-type=\"section\">\n\t\t\t\t\t\t<div class=\"elementor-container elementor-column-gap-default\">\n\t\t\t\t\t<div class=\"elementor-column elementor-col-100 elementor-top-column elementor-element elementor-element-08b26c8\" data-id=\"08b26c8\" data-element_type=\"column\" data-e-type=\"column\">\n\t\t\t<div class=\"elementor-widget-wrap elementor-element-populated\">\n\t\t\t\t\t\t<div class=\"elementor-element elementor-element-78d8c5a elementor-widget elementor-widget-heading\" data-id=\"78d8c5a\" data-element_type=\"widget\" data-e-type=\"widget\" data-widget_type=\"heading.default\">\n\t\t\t\t<div class=\"elementor-widget-container\">\n\t\t\t\t\t<h2 class=\"elementor-heading-title elementor-size-default\">Mi historia<\/h2>\t\t\t\t<\/div>\n\t\t\t\t<\/div>\n\t\t\t\t<div class=\"elementor-element elementor-element-790b66a elementor-widget elementor-widget-text-editor\" data-id=\"790b66a\" data-element_type=\"widget\" data-e-type=\"widget\" data-widget_type=\"text-editor.default\">\n\t\t\t\t<div class=\"elementor-widget-container\">\n\t\t\t\t\t\t\t\t\t<p>Originario de la Ciudad de M\u00e9xico, me mud\u00e9 a San Diego en 2010, pero mi historia profesional abarca ciudades como Monterrey, Medell\u00edn y Bogot\u00e1. Tengo una Licenciatura en Derecho por la Universidad Aut\u00f3noma de Baja California y una Licenciatura en Administraci\u00f3n de Empresas por la Universidad Iberoamericana en la Ciudad de M\u00e9xico. Esta combinaci\u00f3n \u00fanica de formaci\u00f3n legal y visi\u00f3n empresarial me permite ofrecer no solo apoyo migratorio confiable, sino tambi\u00e9n estrategias pr\u00e1cticas, orientadas a resultados y adaptadas a las necesidades de cada cliente.<\/p>\t\t\t\t\t\t\t\t<\/div>\n\t\t\t\t<\/div>\n\t\t\t\t\t<\/div>\n\t\t<\/div>\n\t\t\t\t\t<\/div>\n\t\t<\/section>\n\t\t\t\t<section class=\"elementor-section elementor-top-section elementor-element elementor-element-0893d28 elementor-section-boxed elementor-section-height-default elementor-section-height-default\" data-id=\"0893d28\" data-element_type=\"section\" data-e-type=\"section\">\n\t\t\t\t\t\t<div class=\"elementor-container elementor-column-gap-default\">\n\t\t\t\t\t<div class=\"elementor-column elementor-col-50 elementor-top-column elementor-element elementor-element-e282652\" data-id=\"e282652\" data-element_type=\"column\" data-e-type=\"column\">\n\t\t\t<div class=\"elementor-widget-wrap elementor-element-populated\">\n\t\t\t\t\t\t<div class=\"elementor-element elementor-element-34defd7 elementor-widget elementor-widget-heading\" data-id=\"34defd7\" data-element_type=\"widget\" data-e-type=\"widget\" data-widget_type=\"heading.default\">\n\t\t\t\t<div class=\"elementor-widget-container\">\n\t\t\t\t\t<h2 class=\"elementor-heading-title elementor-size-default\">\u00bfPor qu\u00e9 hacemos esto?<\/h2>\t\t\t\t<\/div>\n\t\t\t\t<\/div>\n\t\t\t\t<div class=\"elementor-element elementor-element-5481c61 elementor-widget elementor-widget-text-editor\" data-id=\"5481c61\" data-element_type=\"widget\" data-e-type=\"widget\" data-widget_type=\"text-editor.default\">\n\t\t\t\t<div class=\"elementor-widget-container\">\n\t\t\t\t\t\t\t\t\t<div id=\"chat-history\" class=\"chat-history-scroll-container\"><div id=\"4de0edb8f1e452cb\" class=\"conversation-container message-actions-hover-boundary tts-removed ng-star-inserted\"><div><div class=\"response-container ng-tns-c1450882113-40 response-container-with-gpi tts-removed ng-star-inserted response-container-has-multiple-responses\"><div class=\"presented-response-container ng-tns-c1450882113-40\"><div class=\"response-container-content ng-tns-c1450882113-40\"><div class=\"response-content ng-tns-c1450882113-40\"><div id=\"model-response-message-contentr_4de0edb8f1e452cb\" class=\"markdown markdown-main-panel stronger\" dir=\"ltr\"><p data-sourcepos=\"3:1-3:424\">Para m\u00ed, la inmigraci\u00f3n es m\u00e1s que solo formularios y procedimientos \u2014 se trata de conexi\u00f3n humana. Se trata de reunir familias, abrir puertas a nuevas oportunidades y ayudar a las personas a escribir el pr\u00f3ximo cap\u00edtulo de sus vidas. Pocos momentos se comparan con ver la alegr\u00eda en el rostro de un cliente cuando finalmente se re\u00fane con sus seres queridos o recibe la aprobaci\u00f3n de su visa. Por eso hacemos lo que hacemos.<\/p><\/div><div class=\"response-footer gap complete\">\u00a0<\/div><\/div><\/div><\/div><div class=\"response-container-footer ng-tns-c1450882113-40\"><div class=\"actions-container-v2 ng-tns-c4097938996-43 simplified-action-bar\"><div class=\"buttons-container-v2 ng-tns-c4097938996-43 ng-star-inserted\"><div class=\"thumb-animation\" hidden=\"\">\u00a0<\/div><div class=\"thumb-animation\" hidden=\"\">\u00a0<\/div><div class=\"regenerate-animation\" hidden=\"\">\u00a0<\/div><div class=\"tooltip-anchor-point ng-tns-c4097938996-43 ng-star-inserted\">\u00a0<\/div><div class=\"menu-button-wrapper ng-tns-c4097938996-43 ng-star-inserted\"><div class=\"more-menu-button-container ng-tns-c4097938996-43 ng-star-inserted\">\u00a0<\/div><\/div><div class=\"spacer ng-tns-c4097938996-43 ng-star-inserted\">\u00a0<\/div><\/div><\/div><\/div><\/div><div id=\"feedback-form-4\" class=\"feedback-form-turn-index\">\u00a0<\/div><\/div><div class=\"restart-chat-button-scroll-placeholder ng-star-inserted\">\u00a0<\/div><\/div><\/div><div class=\"hidden-content-image-cache\">\u00a0<\/div><div class=\"container hidden ng-star-inserted\"><button class=\"mdc-button mat-mdc-button-base context-action-button mat-mdc-button mat-unthemed ng-star-inserted\"><span class=\"mdc-button__label\"> Generate Audio Overview <\/span><\/button><\/div><div class=\"input-area-container ng-star-inserted\">\u00a0<\/div>\t\t\t\t\t\t\t\t<\/div>\n\t\t\t\t<\/div>\n\t\t\t\t\t<\/div>\n\t\t<\/div>\n\t\t\t\t<div class=\"elementor-column elementor-col-50 elementor-top-column elementor-element elementor-element-bc947fd\" data-id=\"bc947fd\" data-element_type=\"column\" data-e-type=\"column\">\n\t\t\t<div class=\"elementor-widget-wrap\">\n\t\t\t\t\t\t\t<\/div>\n\t\t<\/div>\n\t\t\t\t\t<\/div>\n\t\t<\/section>\n\t\t\t\t<\/div>\n\t\t","protected":false},"excerpt":{"rendered":"<p>En TruGlobia, nos dedicamos a brindar consultor\u00eda honesta, profesional y personalizada a individuos y familias que navegan el complejo sistema de inmigraci\u00f3n de EE. UU. Sabemos que venir a los [&hellip;]<\/p>\n","protected":false},"author":1,"featured_media":0,"parent":0,"menu_order":0,"comment_status":"closed","ping_status":"closed","template":"","meta":{"nf_dc_page":"","pagelayer_contact_templates":[],"_pagelayer_content":"","footnotes":""},"class_list":["post-1522","page","type-page","status-publish","hentry"],"_links":{"self":[{"href":"https:\/\/truglobia.com\/es\/wp-json\/wp\/v2\/pages\/1522","targetHints":{"allow":["GET"]}}],"collection":[{"href":"https:\/\/truglobia.com\/es\/wp-json\/wp\/v2\/pages"}],"about":[{"href":"https:\/\/truglobia.com\/es\/wp-json\/wp\/v2\/types\/page"}],"author":[{"embeddable":true,"href":"https:\/\/truglobia.com\/es\/wp-json\/wp\/v2\/users\/1"}],"replies":[{"embeddable":true,"href":"https:\/\/truglobia.com\/es\/wp-json\/wp\/v2\/comments?post=1522"}],"version-history":[{"count":16,"href":"https:\/\/truglobia.com\/es\/wp-json\/wp\/v2\/pages\/1522\/revisions"}],"predecessor-version":[{"id":2326,"href":"https:\/\/truglobia.com\/es\/wp-json\/wp\/v2\/pages\/1522\/revisions\/2326"}],"wp:attachment":[{"href":"https:\/\/truglobia.com\/es\/wp-json\/wp\/v2\/media?parent=1522"}],"curies":[{"name":"wp","href":"https:\/\/api.w.org\/{rel}","templated":true}]}}