{"id":1474,"date":"2025-04-29T05:27:45","date_gmt":"2025-04-29T05:27:45","guid":{"rendered":"https:\/\/truglobia.com\/?page_id=1474"},"modified":"2025-05-14T20:34:25","modified_gmt":"2025-05-14T20:34:25","slug":"sentri-y-global-entry","status":"publish","type":"page","link":"https:\/\/truglobia.com\/es\/services\/sentri-y-global-entry\/","title":{"rendered":"SENTRI y Global Entry"},"content":{"rendered":"\t\t<div data-elementor-type=\"wp-page\" data-elementor-id=\"1474\" class=\"elementor elementor-1474\">\n\t\t\t\t\t\t<section class=\"elementor-section elementor-top-section elementor-element elementor-element-8c63f79 elementor-section-boxed elementor-section-height-default elementor-section-height-default\" data-id=\"8c63f79\" data-element_type=\"section\" data-e-type=\"section\">\n\t\t\t\t\t\t<div class=\"elementor-container elementor-column-gap-default\">\n\t\t\t\t\t<div class=\"elementor-column elementor-col-50 elementor-top-column elementor-element elementor-element-b987f0c\" data-id=\"b987f0c\" data-element_type=\"column\" data-e-type=\"column\">\n\t\t\t<div class=\"elementor-widget-wrap elementor-element-populated\">\n\t\t\t\t\t\t<div class=\"elementor-element elementor-element-282c09e elementor-widget elementor-widget-image\" data-id=\"282c09e\" data-element_type=\"widget\" data-e-type=\"widget\" data-widget_type=\"image.default\">\n\t\t\t\t<div class=\"elementor-widget-container\">\n\t\t\t\t\t\t\t\t\t\t\t\t\t\t\t<img loading=\"lazy\" decoding=\"async\" loading=\"lazy\" width=\"900\" height=\"600\" src=\"https:\/\/truglobia.com\/es\/wp-content\/uploads\/2025\/05\/immigration-law-services-pic-12-1024x683.jpg\" class=\"attachment-large size-large wp-image-1745\" alt=\"\" srcset=\"https:\/\/truglobia.com\/es\/wp-content\/uploads\/2025\/05\/immigration-law-services-pic-12-1024x683.jpg 1024w, https:\/\/truglobia.com\/es\/wp-content\/uploads\/2025\/05\/immigration-law-services-pic-12-600x400.jpg 600w, https:\/\/truglobia.com\/es\/wp-content\/uploads\/2025\/05\/immigration-law-services-pic-12-768x512.jpg 768w, https:\/\/truglobia.com\/es\/wp-content\/uploads\/2025\/05\/immigration-law-services-pic-12.jpg 1200w\" sizes=\"auto, (max-width: 900px) 100vw, 900px\" \/>\t\t\t\t\t\t\t\t\t\t\t\t\t\t\t<\/div>\n\t\t\t\t<\/div>\n\t\t\t\t\t<\/div>\n\t\t<\/div>\n\t\t\t\t<div class=\"elementor-column elementor-col-50 elementor-top-column elementor-element elementor-element-4361e98\" data-id=\"4361e98\" data-element_type=\"column\" data-e-type=\"column\">\n\t\t\t<div class=\"elementor-widget-wrap elementor-element-populated\">\n\t\t\t\t\t\t<div class=\"elementor-element elementor-element-70193bf elementor-widget elementor-widget-text-editor\" data-id=\"70193bf\" data-element_type=\"widget\" data-e-type=\"widget\" data-widget_type=\"text-editor.default\">\n\t\t\t\t<div class=\"elementor-widget-container\">\n\t\t\t\t\t\t\t\t\t<p>Optimiza tus cruces fronterizos y llegadas a EE. UU. con los programas SENTRI y Global Entry. En Truglobia, te ofrecemos nuestra gu\u00eda experta y personalizada durante todo el ciclo de vida de tu membres\u00eda: te asistimos en el <strong>tr\u00e1mite inicial de solicitud<\/strong>, asegurando precisi\u00f3n y simplificando el proceso para maximizar tus posibilidades de aprobaci\u00f3n. Adem\u00e1s, si enfrentas una <strong>denegaci\u00f3n o revocaci\u00f3n<\/strong>, te brindamos apoyo especializado para analizar tu caso y gestionar eficazmente el <strong>proceso de apelaci\u00f3n o reconsideraci\u00f3n<\/strong> ante CBP. Conf\u00eda en nuestro soporte integral y confiable para navegar estos valiosos programas de Viajero Confiable.<\/p>\t\t\t\t\t\t\t\t<\/div>\n\t\t\t\t<\/div>\n\t\t\t\t\t<\/div>\n\t\t<\/div>\n\t\t\t\t\t<\/div>\n\t\t<\/section>\n\t\t\t\t<\/div>\n\t\t","protected":false},"excerpt":{"rendered":"<p>Optimiza tus cruces fronterizos y llegadas a EE. UU. con los programas SENTRI y Global Entry. En Truglobia, te ofrecemos nuestra gu\u00eda experta y personalizada durante todo el ciclo de [&hellip;]<\/p>\n","protected":false},"author":1,"featured_media":0,"parent":161,"menu_order":6,"comment_status":"closed","ping_status":"closed","template":"","meta":{"nf_dc_page":"","pagelayer_contact_templates":[],"_pagelayer_content":"","footnotes":""},"class_list":["post-1474","page","type-page","status-publish","hentry"],"_links":{"self":[{"href":"https:\/\/truglobia.com\/es\/wp-json\/wp\/v2\/pages\/1474","targetHints":{"allow":["GET"]}}],"collection":[{"href":"https:\/\/truglobia.com\/es\/wp-json\/wp\/v2\/pages"}],"about":[{"href":"https:\/\/truglobia.com\/es\/wp-json\/wp\/v2\/types\/page"}],"author":[{"embeddable":true,"href":"https:\/\/truglobia.com\/es\/wp-json\/wp\/v2\/users\/1"}],"replies":[{"embeddable":true,"href":"https:\/\/truglobia.com\/es\/wp-json\/wp\/v2\/comments?post=1474"}],"version-history":[{"count":10,"href":"https:\/\/truglobia.com\/es\/wp-json\/wp\/v2\/pages\/1474\/revisions"}],"predecessor-version":[{"id":1748,"href":"https:\/\/truglobia.com\/es\/wp-json\/wp\/v2\/pages\/1474\/revisions\/1748"}],"up":[{"embeddable":true,"href":"https:\/\/truglobia.com\/es\/wp-json\/wp\/v2\/pages\/161"}],"wp:attachment":[{"href":"https:\/\/truglobia.com\/es\/wp-json\/wp\/v2\/media?parent=1474"}],"curies":[{"name":"wp","href":"https:\/\/api.w.org\/{rel}","templated":true}]}}