{"id":1466,"date":"2025-04-29T05:25:43","date_gmt":"2025-04-29T05:25:43","guid":{"rendered":"https:\/\/truglobia.com\/?page_id=1466"},"modified":"2025-06-24T03:18:34","modified_gmt":"2025-06-24T03:18:34","slug":"tramites-de-numeros-itin","status":"publish","type":"page","link":"https:\/\/truglobia.com\/es\/services\/tramites-de-numeros-itin\/","title":{"rendered":"Tr\u00e1mites de N\u00fameros ITIN"},"content":{"rendered":"\t\t<div data-elementor-type=\"wp-page\" data-elementor-id=\"1466\" class=\"elementor elementor-1466\">\n\t\t\t\t\t\t<section class=\"elementor-section elementor-top-section elementor-element elementor-element-3e99e17 elementor-section-boxed elementor-section-height-default elementor-section-height-default\" data-id=\"3e99e17\" data-element_type=\"section\" data-e-type=\"section\">\n\t\t\t\t\t\t<div class=\"elementor-container elementor-column-gap-default\">\n\t\t\t\t\t<div class=\"elementor-column elementor-col-50 elementor-top-column elementor-element elementor-element-1ba5317\" data-id=\"1ba5317\" data-element_type=\"column\" data-e-type=\"column\">\n\t\t\t<div class=\"elementor-widget-wrap elementor-element-populated\">\n\t\t\t\t\t\t<div class=\"elementor-element elementor-element-fa9709b elementor-widget elementor-widget-image\" data-id=\"fa9709b\" data-element_type=\"widget\" data-e-type=\"widget\" data-widget_type=\"image.default\">\n\t\t\t\t<div class=\"elementor-widget-container\">\n\t\t\t\t\t\t\t\t\t\t\t\t\t\t\t<img loading=\"lazy\" decoding=\"async\" loading=\"lazy\" width=\"900\" height=\"600\" src=\"https:\/\/truglobia.com\/es\/wp-content\/uploads\/2025\/05\/immigration-law-services-pic-10-1024x683.jpg\" class=\"attachment-large size-large wp-image-1737\" alt=\"\" srcset=\"https:\/\/truglobia.com\/es\/wp-content\/uploads\/2025\/05\/immigration-law-services-pic-10-1024x683.jpg 1024w, https:\/\/truglobia.com\/es\/wp-content\/uploads\/2025\/05\/immigration-law-services-pic-10-600x400.jpg 600w, https:\/\/truglobia.com\/es\/wp-content\/uploads\/2025\/05\/immigration-law-services-pic-10-768x512.jpg 768w, https:\/\/truglobia.com\/es\/wp-content\/uploads\/2025\/05\/immigration-law-services-pic-10.jpg 1200w\" sizes=\"auto, (max-width: 900px) 100vw, 900px\" \/>\t\t\t\t\t\t\t\t\t\t\t\t\t\t\t<\/div>\n\t\t\t\t<\/div>\n\t\t\t\t\t<\/div>\n\t\t<\/div>\n\t\t\t\t<div class=\"elementor-column elementor-col-50 elementor-top-column elementor-element elementor-element-ac87fbe\" data-id=\"ac87fbe\" data-element_type=\"column\" data-e-type=\"column\">\n\t\t\t<div class=\"elementor-widget-wrap elementor-element-populated\">\n\t\t\t\t\t\t<div class=\"elementor-element elementor-element-f2316e6 elementor-widget elementor-widget-text-editor\" data-id=\"f2316e6\" data-element_type=\"widget\" data-e-type=\"widget\" data-widget_type=\"text-editor.default\">\n\t\t\t\t<div class=\"elementor-widget-container\">\n\t\t\t\t\t\t\t\t\t<p>Para quienes necesitan presentar impuestos en EE. UU. y no son elegibles para un N\u00famero de Seguro Social (SSN), obtener o renovar un <strong>N\u00famero de Identificaci\u00f3n Personal del Contribuyente (ITIN)<\/strong> es fundamental. Este tr\u00e1mite con el IRS requiere atenci\u00f3n al detalle y documentaci\u00f3n espec\u00edfica. En Truglobia, te brindamos nuestra gu\u00eda experta y personalizada para simplificar la solicitud de tu ITIN. Te asistimos en la preparaci\u00f3n correcta del Formulario W-7 y la recopilaci\u00f3n de los documentos necesarios, asegurando un proceso claro y eficiente. Conf\u00eda en nuestro soporte profesional para gestionar tu ITIN correctamente, facilitando tu cumplimiento fiscal.<\/p>\t\t\t\t\t\t\t\t<\/div>\n\t\t\t\t<\/div>\n\t\t\t\t\t<\/div>\n\t\t<\/div>\n\t\t\t\t\t<\/div>\n\t\t<\/section>\n\t\t\t\t<section class=\"elementor-section elementor-top-section elementor-element elementor-element-2c75fcd elementor-section-boxed elementor-section-height-default elementor-section-height-default\" data-id=\"2c75fcd\" data-element_type=\"section\" data-e-type=\"section\">\n\t\t\t\t\t\t<div class=\"elementor-container elementor-column-gap-default\">\n\t\t\t\t\t<div class=\"elementor-column elementor-col-100 elementor-top-column elementor-element elementor-element-ea03bcf\" data-id=\"ea03bcf\" data-element_type=\"column\" data-e-type=\"column\">\n\t\t\t<div class=\"elementor-widget-wrap elementor-element-populated\">\n\t\t\t\t\t\t<div class=\"elementor-element elementor-element-a18dd0c elementor-widget elementor-widget-text-editor\" data-id=\"a18dd0c\" data-element_type=\"widget\" data-e-type=\"widget\" data-widget_type=\"text-editor.default\">\n\t\t\t\t<div class=\"elementor-widget-container\">\n\t\t\t\t\t\t\t\t\t<p>Asistencia para la Solicitud de ITIN:<\/p><p>Para quienes necesitan declarar impuestos en EE. UU. y no son elegibles para obtener un N\u00famero de Seguro Social (SSN), obtener o renovar un N\u00famero de Identificaci\u00f3n Personal del Contribuyente (ITIN) es esencial.<\/p><p>Este proceso con el IRS requiere atenci\u00f3n al detalle y documentaci\u00f3n espec\u00edfica.<\/p><p>En Truglobia, le ofrecemos nuestra asesor\u00eda experta y personalizada para simplificar su solicitud de ITIN.<\/p><p>Le asistimos en la correcta preparaci\u00f3n del *Formulario W-7 y en la recopilaci\u00f3n de los documentos necesarios, asegurando un proceso claro y eficiente.<\/p><hr \/><h3 style=\"text-align: center;\">Estamos certificados por el IRS como agentes autorizados, lo que significa que el IRS autoriza a Truglobia para validar documentos sin necesidad de enviar los originales.<\/h3><p>Conf\u00ede en nuestro apoyo profesional para gestionar correctamente su ITIN, facilitando el cumplimiento de sus obligaciones fiscales.<\/p>\t\t\t\t\t\t\t\t<\/div>\n\t\t\t\t<\/div>\n\t\t\t\t\t<\/div>\n\t\t<\/div>\n\t\t\t\t\t<\/div>\n\t\t<\/section>\n\t\t\t\t<section class=\"elementor-section elementor-top-section elementor-element elementor-element-15d87bc elementor-section-boxed elementor-section-height-default elementor-section-height-default\" data-id=\"15d87bc\" data-element_type=\"section\" data-e-type=\"section\">\n\t\t\t\t\t\t<div class=\"elementor-container elementor-column-gap-default\">\n\t\t\t\t\t<div class=\"elementor-column elementor-col-100 elementor-top-column elementor-element elementor-element-f7483d3\" data-id=\"f7483d3\" data-element_type=\"column\" data-e-type=\"column\">\n\t\t\t<div class=\"elementor-widget-wrap elementor-element-populated\">\n\t\t\t\t\t\t<div class=\"elementor-element elementor-element-0ee489d elementor-widget elementor-widget-image\" data-id=\"0ee489d\" data-element_type=\"widget\" data-e-type=\"widget\" data-widget_type=\"image.default\">\n\t\t\t\t<div class=\"elementor-widget-container\">\n\t\t\t\t\t\t\t\t\t\t\t\t\t\t\t<img decoding=\"async\" src=\"https:\/\/truglobia.com\/es\/wp-content\/uploads\/elementor\/thumbs\/Certified-r7rey6troeyiwmc8yiaxh3kukju14d7a3as1z3vhoe.png\" title=\"Certified\" alt=\"Certified\" loading=\"lazy\" \/>\t\t\t\t\t\t\t\t\t\t\t\t\t\t\t<\/div>\n\t\t\t\t<\/div>\n\t\t\t\t\t<\/div>\n\t\t<\/div>\n\t\t\t\t\t<\/div>\n\t\t<\/section>\n\t\t\t\t<\/div>\n\t\t","protected":false},"excerpt":{"rendered":"<p>Para quienes necesitan presentar impuestos en EE. UU. y no son elegibles para un N\u00famero de Seguro Social (SSN), obtener o renovar un N\u00famero de Identificaci\u00f3n Personal del Contribuyente (ITIN) [&hellip;]<\/p>\n","protected":false},"author":1,"featured_media":0,"parent":161,"menu_order":4,"comment_status":"closed","ping_status":"closed","template":"","meta":{"nf_dc_page":"","pagelayer_contact_templates":[],"_pagelayer_content":"","footnotes":""},"class_list":["post-1466","page","type-page","status-publish","hentry"],"_links":{"self":[{"href":"https:\/\/truglobia.com\/es\/wp-json\/wp\/v2\/pages\/1466","targetHints":{"allow":["GET"]}}],"collection":[{"href":"https:\/\/truglobia.com\/es\/wp-json\/wp\/v2\/pages"}],"about":[{"href":"https:\/\/truglobia.com\/es\/wp-json\/wp\/v2\/types\/page"}],"author":[{"embeddable":true,"href":"https:\/\/truglobia.com\/es\/wp-json\/wp\/v2\/users\/1"}],"replies":[{"embeddable":true,"href":"https:\/\/truglobia.com\/es\/wp-json\/wp\/v2\/comments?post=1466"}],"version-history":[{"count":13,"href":"https:\/\/truglobia.com\/es\/wp-json\/wp\/v2\/pages\/1466\/revisions"}],"predecessor-version":[{"id":2219,"href":"https:\/\/truglobia.com\/es\/wp-json\/wp\/v2\/pages\/1466\/revisions\/2219"}],"up":[{"embeddable":true,"href":"https:\/\/truglobia.com\/es\/wp-json\/wp\/v2\/pages\/161"}],"wp:attachment":[{"href":"https:\/\/truglobia.com\/es\/wp-json\/wp\/v2\/media?parent=1466"}],"curies":[{"name":"wp","href":"https:\/\/api.w.org\/{rel}","templated":true}]}}