{"id":1462,"date":"2025-04-29T05:24:51","date_gmt":"2025-04-29T05:24:51","guid":{"rendered":"https:\/\/truglobia.com\/?page_id=1462"},"modified":"2025-05-14T20:27:45","modified_gmt":"2025-05-14T20:27:45","slug":"licencias-para-negocios","status":"publish","type":"page","link":"https:\/\/truglobia.com\/es\/services\/licencias-para-negocios\/","title":{"rendered":"Licencias para Negocios"},"content":{"rendered":"\t\t<div data-elementor-type=\"wp-page\" data-elementor-id=\"1462\" class=\"elementor elementor-1462\">\n\t\t\t\t\t\t<section class=\"elementor-section elementor-top-section elementor-element elementor-element-96eabc1 elementor-section-boxed elementor-section-height-default elementor-section-height-default\" data-id=\"96eabc1\" data-element_type=\"section\" data-e-type=\"section\">\n\t\t\t\t\t\t<div class=\"elementor-container elementor-column-gap-default\">\n\t\t\t\t\t<div class=\"elementor-column elementor-col-50 elementor-top-column elementor-element elementor-element-7c9ac1b\" data-id=\"7c9ac1b\" data-element_type=\"column\" data-e-type=\"column\">\n\t\t\t<div class=\"elementor-widget-wrap elementor-element-populated\">\n\t\t\t\t\t\t<div class=\"elementor-element elementor-element-2f75157 elementor-widget elementor-widget-image\" data-id=\"2f75157\" data-element_type=\"widget\" data-e-type=\"widget\" data-widget_type=\"image.default\">\n\t\t\t\t<div class=\"elementor-widget-container\">\n\t\t\t\t\t\t\t\t\t\t\t\t\t\t\t<img loading=\"lazy\" decoding=\"async\" loading=\"lazy\" width=\"900\" height=\"600\" src=\"https:\/\/truglobia.com\/es\/wp-content\/uploads\/2025\/05\/immigration-law-services-pic-09-1024x683.jpg\" class=\"attachment-large size-large wp-image-1733\" alt=\"\" srcset=\"https:\/\/truglobia.com\/es\/wp-content\/uploads\/2025\/05\/immigration-law-services-pic-09-1024x683.jpg 1024w, https:\/\/truglobia.com\/es\/wp-content\/uploads\/2025\/05\/immigration-law-services-pic-09-600x400.jpg 600w, https:\/\/truglobia.com\/es\/wp-content\/uploads\/2025\/05\/immigration-law-services-pic-09-768x512.jpg 768w, https:\/\/truglobia.com\/es\/wp-content\/uploads\/2025\/05\/immigration-law-services-pic-09.jpg 1200w\" sizes=\"auto, (max-width: 900px) 100vw, 900px\" \/>\t\t\t\t\t\t\t\t\t\t\t\t\t\t\t<\/div>\n\t\t\t\t<\/div>\n\t\t\t\t\t<\/div>\n\t\t<\/div>\n\t\t\t\t<div class=\"elementor-column elementor-col-50 elementor-top-column elementor-element elementor-element-46fa02c\" data-id=\"46fa02c\" data-element_type=\"column\" data-e-type=\"column\">\n\t\t\t<div class=\"elementor-widget-wrap elementor-element-populated\">\n\t\t\t\t\t\t<div class=\"elementor-element elementor-element-f3c7062 elementor-widget elementor-widget-text-editor\" data-id=\"f3c7062\" data-element_type=\"widget\" data-e-type=\"widget\" data-widget_type=\"text-editor.default\">\n\t\t\t\t<div class=\"elementor-widget-container\">\n\t\t\t\t\t\t\t\t\t<p>Iniciar y operar tu negocio en EE. UU. requiere cumplir con normativas espec\u00edficas, incluyendo la obtenci\u00f3n de las <strong>licencias y permisos<\/strong> correctos a nivel federal, estatal y local. Este panorama puede ser complejo y variar seg\u00fan tu industria. En Truglobia, te ofrecemos nuestra gu\u00eda experta y personalizada para identificar precisamente qu\u00e9 licencias necesita tu empresa y te asistimos durante todo el proceso de solicitud. Con nuestro soporte confiable y enfocado en la claridad, te ayudamos a asegurar que tu negocio opere legalmente desde el principio, evit\u00e1ndote contratiempos y permiti\u00e9ndote trabajar con total tranquilidad.<\/p>\t\t\t\t\t\t\t\t<\/div>\n\t\t\t\t<\/div>\n\t\t\t\t\t<\/div>\n\t\t<\/div>\n\t\t\t\t\t<\/div>\n\t\t<\/section>\n\t\t\t\t<\/div>\n\t\t","protected":false},"excerpt":{"rendered":"<p>Iniciar y operar tu negocio en EE. UU. requiere cumplir con normativas espec\u00edficas, incluyendo la obtenci\u00f3n de las licencias y permisos correctos a nivel federal, estatal y local. Este panorama [&hellip;]<\/p>\n","protected":false},"author":1,"featured_media":0,"parent":161,"menu_order":3,"comment_status":"closed","ping_status":"closed","template":"","meta":{"nf_dc_page":"","pagelayer_contact_templates":[],"_pagelayer_content":"","footnotes":""},"class_list":["post-1462","page","type-page","status-publish","hentry"],"_links":{"self":[{"href":"https:\/\/truglobia.com\/es\/wp-json\/wp\/v2\/pages\/1462","targetHints":{"allow":["GET"]}}],"collection":[{"href":"https:\/\/truglobia.com\/es\/wp-json\/wp\/v2\/pages"}],"about":[{"href":"https:\/\/truglobia.com\/es\/wp-json\/wp\/v2\/types\/page"}],"author":[{"embeddable":true,"href":"https:\/\/truglobia.com\/es\/wp-json\/wp\/v2\/users\/1"}],"replies":[{"embeddable":true,"href":"https:\/\/truglobia.com\/es\/wp-json\/wp\/v2\/comments?post=1462"}],"version-history":[{"count":10,"href":"https:\/\/truglobia.com\/es\/wp-json\/wp\/v2\/pages\/1462\/revisions"}],"predecessor-version":[{"id":1736,"href":"https:\/\/truglobia.com\/es\/wp-json\/wp\/v2\/pages\/1462\/revisions\/1736"}],"up":[{"embeddable":true,"href":"https:\/\/truglobia.com\/es\/wp-json\/wp\/v2\/pages\/161"}],"wp:attachment":[{"href":"https:\/\/truglobia.com\/es\/wp-json\/wp\/v2\/media?parent=1462"}],"curies":[{"name":"wp","href":"https:\/\/api.w.org\/{rel}","templated":true}]}}