{"id":1458,"date":"2025-04-29T05:24:03","date_gmt":"2025-04-29T05:24:03","guid":{"rendered":"https:\/\/truglobia.com\/?page_id=1458"},"modified":"2025-05-14T20:06:37","modified_gmt":"2025-05-14T20:06:37","slug":"declaracion-de-impuestos-personales","status":"publish","type":"page","link":"https:\/\/truglobia.com\/es\/services\/declaracion-de-impuestos-personales\/","title":{"rendered":"Declaraci\u00f3n de Impuestos Personales"},"content":{"rendered":"\t\t<div data-elementor-type=\"wp-page\" data-elementor-id=\"1458\" class=\"elementor elementor-1458\">\n\t\t\t\t\t\t<section class=\"elementor-section elementor-top-section elementor-element elementor-element-8d5ade1 elementor-section-boxed elementor-section-height-default elementor-section-height-default\" data-id=\"8d5ade1\" data-element_type=\"section\" data-e-type=\"section\">\n\t\t\t\t\t\t<div class=\"elementor-container elementor-column-gap-default\">\n\t\t\t\t\t<div class=\"elementor-column elementor-col-50 elementor-top-column elementor-element elementor-element-c40b17c\" data-id=\"c40b17c\" data-element_type=\"column\" data-e-type=\"column\">\n\t\t\t<div class=\"elementor-widget-wrap elementor-element-populated\">\n\t\t\t\t\t\t<div class=\"elementor-element elementor-element-336f0ef elementor-widget elementor-widget-image\" data-id=\"336f0ef\" data-element_type=\"widget\" data-e-type=\"widget\" data-widget_type=\"image.default\">\n\t\t\t\t<div class=\"elementor-widget-container\">\n\t\t\t\t\t\t\t\t\t\t\t\t\t\t\t<img loading=\"lazy\" decoding=\"async\" loading=\"lazy\" width=\"900\" height=\"600\" src=\"https:\/\/truglobia.com\/es\/wp-content\/uploads\/2025\/05\/immigration-law-services-pic-08-1024x683.jpg\" class=\"attachment-large size-large wp-image-1729\" alt=\"\" srcset=\"https:\/\/truglobia.com\/es\/wp-content\/uploads\/2025\/05\/immigration-law-services-pic-08-1024x683.jpg 1024w, https:\/\/truglobia.com\/es\/wp-content\/uploads\/2025\/05\/immigration-law-services-pic-08-600x400.jpg 600w, https:\/\/truglobia.com\/es\/wp-content\/uploads\/2025\/05\/immigration-law-services-pic-08-768x512.jpg 768w, https:\/\/truglobia.com\/es\/wp-content\/uploads\/2025\/05\/immigration-law-services-pic-08.jpg 1200w\" sizes=\"auto, (max-width: 900px) 100vw, 900px\" \/>\t\t\t\t\t\t\t\t\t\t\t\t\t\t\t<\/div>\n\t\t\t\t<\/div>\n\t\t\t\t\t<\/div>\n\t\t<\/div>\n\t\t\t\t<div class=\"elementor-column elementor-col-50 elementor-top-column elementor-element elementor-element-7ca8379\" data-id=\"7ca8379\" data-element_type=\"column\" data-e-type=\"column\">\n\t\t\t<div class=\"elementor-widget-wrap elementor-element-populated\">\n\t\t\t\t\t\t<div class=\"elementor-element elementor-element-2fa68ca elementor-widget elementor-widget-text-editor\" data-id=\"2fa68ca\" data-element_type=\"widget\" data-e-type=\"widget\" data-widget_type=\"text-editor.default\">\n\t\t\t\t<div class=\"elementor-widget-container\">\n\t\t\t\t\t\t\t\t\t<p>Cumplir con tus obligaciones fiscales en Estados Unidos puede ser complejo, especialmente al navegar un nuevo sistema. En Truglobia, te ofrecemos nuestro servicio experto y confiable para la <strong>declaraci\u00f3n de impuestos personales<\/strong>, simplificando el proceso con la atenci\u00f3n personalizada que nos caracteriza. Nos aseguramos de que tu declaraci\u00f3n sea precisa, est\u00e9 en total cumplimiento con las leyes vigentes y explore todas las deducciones y cr\u00e9ditos aplicables a tu situaci\u00f3n particular, ya seas residente, no-residente o tengas circunstancias especiales. Conf\u00eda en nuestro equipo profesional para gestionar tus impuestos correctamente y a tiempo, brind\u00e1ndote tranquilidad y seguridad fiscal.<\/p>\t\t\t\t\t\t\t\t<\/div>\n\t\t\t\t<\/div>\n\t\t\t\t\t<\/div>\n\t\t<\/div>\n\t\t\t\t\t<\/div>\n\t\t<\/section>\n\t\t\t\t<\/div>\n\t\t","protected":false},"excerpt":{"rendered":"<p>Cumplir con tus obligaciones fiscales en Estados Unidos puede ser complejo, especialmente al navegar un nuevo sistema. En Truglobia, te ofrecemos nuestro servicio experto y confiable para la declaraci\u00f3n de [&hellip;]<\/p>\n","protected":false},"author":1,"featured_media":0,"parent":161,"menu_order":2,"comment_status":"closed","ping_status":"closed","template":"","meta":{"nf_dc_page":"","pagelayer_contact_templates":[],"_pagelayer_content":"","footnotes":""},"class_list":["post-1458","page","type-page","status-publish","hentry"],"_links":{"self":[{"href":"https:\/\/truglobia.com\/es\/wp-json\/wp\/v2\/pages\/1458","targetHints":{"allow":["GET"]}}],"collection":[{"href":"https:\/\/truglobia.com\/es\/wp-json\/wp\/v2\/pages"}],"about":[{"href":"https:\/\/truglobia.com\/es\/wp-json\/wp\/v2\/types\/page"}],"author":[{"embeddable":true,"href":"https:\/\/truglobia.com\/es\/wp-json\/wp\/v2\/users\/1"}],"replies":[{"embeddable":true,"href":"https:\/\/truglobia.com\/es\/wp-json\/wp\/v2\/comments?post=1458"}],"version-history":[{"count":10,"href":"https:\/\/truglobia.com\/es\/wp-json\/wp\/v2\/pages\/1458\/revisions"}],"predecessor-version":[{"id":1732,"href":"https:\/\/truglobia.com\/es\/wp-json\/wp\/v2\/pages\/1458\/revisions\/1732"}],"up":[{"embeddable":true,"href":"https:\/\/truglobia.com\/es\/wp-json\/wp\/v2\/pages\/161"}],"wp:attachment":[{"href":"https:\/\/truglobia.com\/es\/wp-json\/wp\/v2\/media?parent=1458"}],"curies":[{"name":"wp","href":"https:\/\/api.w.org\/{rel}","templated":true}]}}