{"id":1456,"date":"2025-04-29T05:33:47","date_gmt":"2025-04-29T05:33:47","guid":{"rendered":"https:\/\/truglobia.com\/?page_id=1456"},"modified":"2025-05-27T04:21:39","modified_gmt":"2025-05-27T04:21:39","slug":"sole-proprietors-llcs-y-corporaciones","status":"publish","type":"page","link":"https:\/\/truglobia.com\/es\/services\/sole-proprietors-llcs-y-corporaciones\/","title":{"rendered":"Sole Proprietor&#8217;s, LLC&#8217;s y Corporaciones"},"content":{"rendered":"\t\t<div data-elementor-type=\"wp-page\" data-elementor-id=\"1456\" class=\"elementor elementor-1456\">\n\t\t\t\t\t\t<section class=\"elementor-section elementor-top-section elementor-element elementor-element-2f5e527 elementor-section-boxed elementor-section-height-default elementor-section-height-default\" data-id=\"2f5e527\" data-element_type=\"section\" data-e-type=\"section\">\n\t\t\t\t\t\t<div class=\"elementor-container elementor-column-gap-default\">\n\t\t\t\t\t<div class=\"elementor-column elementor-col-50 elementor-top-column elementor-element elementor-element-605d6e5\" data-id=\"605d6e5\" data-element_type=\"column\" data-e-type=\"column\">\n\t\t\t<div class=\"elementor-widget-wrap elementor-element-populated\">\n\t\t\t\t\t\t<div class=\"elementor-element elementor-element-4996b37 elementor-widget elementor-widget-image\" data-id=\"4996b37\" data-element_type=\"widget\" data-e-type=\"widget\" data-widget_type=\"image.default\">\n\t\t\t\t<div class=\"elementor-widget-container\">\n\t\t\t\t\t\t\t\t\t\t\t\t\t\t\t<img loading=\"lazy\" decoding=\"async\" loading=\"lazy\" width=\"900\" height=\"600\" src=\"https:\/\/truglobia.com\/es\/wp-content\/uploads\/2025\/05\/immigration-law-services-pic-06-1024x683.jpg\" class=\"attachment-large size-large wp-image-1721\" alt=\"\" srcset=\"https:\/\/truglobia.com\/es\/wp-content\/uploads\/2025\/05\/immigration-law-services-pic-06-1024x683.jpg 1024w, https:\/\/truglobia.com\/es\/wp-content\/uploads\/2025\/05\/immigration-law-services-pic-06-600x400.jpg 600w, https:\/\/truglobia.com\/es\/wp-content\/uploads\/2025\/05\/immigration-law-services-pic-06-768x512.jpg 768w, https:\/\/truglobia.com\/es\/wp-content\/uploads\/2025\/05\/immigration-law-services-pic-06.jpg 1200w\" sizes=\"auto, (max-width: 900px) 100vw, 900px\" \/>\t\t\t\t\t\t\t\t\t\t\t\t\t\t\t<\/div>\n\t\t\t\t<\/div>\n\t\t\t\t\t<\/div>\n\t\t<\/div>\n\t\t\t\t<div class=\"elementor-column elementor-col-50 elementor-top-column elementor-element elementor-element-4e8537c\" data-id=\"4e8537c\" data-element_type=\"column\" data-e-type=\"column\">\n\t\t\t<div class=\"elementor-widget-wrap elementor-element-populated\">\n\t\t\t\t\t\t<div class=\"elementor-element elementor-element-9e302d0 elementor-widget elementor-widget-text-editor\" data-id=\"9e302d0\" data-element_type=\"widget\" data-e-type=\"widget\" data-widget_type=\"text-editor.default\">\n\t\t\t\t<div class=\"elementor-widget-container\">\n\t\t\t\t\t\t\t\t\t<p>Iniciar un negocio es un emocionante viaje, y elegir la estructura legal adecuada desde el principio es crucial para su \u00e9xito y protecci\u00f3n.<\/p><p>En Truglobia.com, lo guiamos a trav\u00e9s del proceso de establecimiento de su entidad comercial, explicando detalladamente las ventajas y desventajas de cada opci\u00f3n:<\/p><ul data-sourcepos=\"15:1-18:0\"><li data-sourcepos=\"15:1-15:262\"><strong>Sole Proprietor (Propietario \u00danico):<\/strong> Ideal para aquellos que desean comenzar de forma sencilla y r\u00e1pida, operando un negocio bajo su propio nombre. Le ayudamos a entender las implicaciones fiscales y de responsabilidad personal asociadas a esta estructura.<\/li><li data-sourcepos=\"16:1-16:304\"><strong>Limited Liability Company (LLC &#8211; Compa\u00f1\u00eda de Responsabilidad Limitada):<\/strong> Una opci\u00f3n popular que combina la flexibilidad de un propietario \u00fanico con la protecci\u00f3n de responsabilidad personal. Le asistimos en la redacci\u00f3n del acuerdo operativo, el registro estatal y el cumplimiento de las normativas.<\/li><li data-sourcepos=\"17:1-18:0\"><strong>Corporation (Corporaci\u00f3n &#8211; S-Corp, C-Corp, etc.):<\/strong> Para aquellos que buscan una estructura m\u00e1s formal, potencial de inversi\u00f3n y una separaci\u00f3n clara entre el negocio y los bienes personales. Nuestro equipo lo orienta en la elecci\u00f3n del tipo de corporaci\u00f3n que mejor se adapte a sus objetivos, el proceso de incorporaci\u00f3n, la emisi\u00f3n de acciones y el mantenimiento de los registros corporativos.<\/li><\/ul><p data-sourcepos=\"19:1-19:256\">No solo nos encargamos de la <strong>presentaci\u00f3n de los documentos<\/strong> necesarios ante las autoridades competentes, sino que tambi\u00e9n le brindamos <strong>asesor\u00eda estrat\u00e9gica<\/strong> para que tome la decisi\u00f3n m\u00e1s informada que beneficie a su visi\u00f3n empresarial a largo plazo.<\/p>\t\t\t\t\t\t\t\t<\/div>\n\t\t\t\t<\/div>\n\t\t\t\t\t<\/div>\n\t\t<\/div>\n\t\t\t\t\t<\/div>\n\t\t<\/section>\n\t\t\t\t<\/div>\n\t\t","protected":false},"excerpt":{"rendered":"<p>Iniciar un negocio es un emocionante viaje, y elegir la estructura legal adecuada desde el principio es crucial para su \u00e9xito y protecci\u00f3n. En Truglobia.com, lo guiamos a trav\u00e9s del [&hellip;]<\/p>\n","protected":false},"author":1,"featured_media":0,"parent":161,"menu_order":1,"comment_status":"closed","ping_status":"closed","template":"","meta":{"nf_dc_page":"","pagelayer_contact_templates":[],"_pagelayer_content":"","footnotes":""},"class_list":["post-1456","page","type-page","status-publish","hentry"],"_links":{"self":[{"href":"https:\/\/truglobia.com\/es\/wp-json\/wp\/v2\/pages\/1456","targetHints":{"allow":["GET"]}}],"collection":[{"href":"https:\/\/truglobia.com\/es\/wp-json\/wp\/v2\/pages"}],"about":[{"href":"https:\/\/truglobia.com\/es\/wp-json\/wp\/v2\/types\/page"}],"author":[{"embeddable":true,"href":"https:\/\/truglobia.com\/es\/wp-json\/wp\/v2\/users\/1"}],"replies":[{"embeddable":true,"href":"https:\/\/truglobia.com\/es\/wp-json\/wp\/v2\/comments?post=1456"}],"version-history":[{"count":22,"href":"https:\/\/truglobia.com\/es\/wp-json\/wp\/v2\/pages\/1456\/revisions"}],"predecessor-version":[{"id":1800,"href":"https:\/\/truglobia.com\/es\/wp-json\/wp\/v2\/pages\/1456\/revisions\/1800"}],"up":[{"embeddable":true,"href":"https:\/\/truglobia.com\/es\/wp-json\/wp\/v2\/pages\/161"}],"wp:attachment":[{"href":"https:\/\/truglobia.com\/es\/wp-json\/wp\/v2\/media?parent=1456"}],"curies":[{"name":"wp","href":"https:\/\/api.w.org\/{rel}","templated":true}]}}